{"id":89,"date":"2012-01-10T09:03:00","date_gmt":"2012-01-10T08:03:00","guid":{"rendered":"http:\/\/www.sskborek.cz\/?page_id=89"},"modified":"2026-04-03T19:21:13","modified_gmt":"2026-04-03T17:21:13","slug":"uvod","status":"publish","type":"page","link":"https:\/\/www.sskborek.cz\/","title":{"rendered":"V\u00edtejte"},"content":{"rendered":"<p style=\"text-align: left;\">Aktualizov\u00e1no dne 3.4.2026<\/p>\n<p>V sobotu 3.4.2026 se na st\u0159elnici Borek konal z\u00e1vod ve st\u0159elb\u011b z p\u0159edovek. Z\u00e1vod se na Boreck\u00e9 st\u0159elnici konal po dlouh\u00fdch 29 letech. Posledn\u00edm z\u00e1vodem bylo M \u010cR v roce 1997. Z\u00e1vod se moc povedl a mo\u017en\u00e1 to bude za\u010d\u00e1tek nov\u00e9 tradice p\u0159edovkov\u00fdch z\u00e1vod\u016f na st\u0159elnici Borek,\u00a0 <a href=\"https:\/\/www.sskborek.cz\/?page_id=3961\">Zde<\/a> je n\u011bkolik fotek ze z\u00e1vodu.<\/p>\n<p>Byl vyd\u00e1n kalend\u00e1\u0159 sportovn\u00edch akc\u00ed na st\u0159elnici SSK Borek. Je um\u00edst\u011bn <a href=\"https:\/\/www.sskborek.cz\/?page_id=3941\">\u00a0<\/a> Zde\u00a0 \u00a0<a href=\"https:\/\/www.sskborek.cz\/?page_id=3951\">Kalend\u00e1\u0159 sportovn\u00edch akc\u00ed 2026<\/a>e Kalend\u00e1\u0159 se m\u016f\u017ee je\u0161t\u011b dopl\u0148ovat.<\/p>\n<p>Dne 01.01.2026 se konalo zah\u00e1jen\u00ed st\u0159eleck\u00e9ho roku 2026. V p\u0159\u00edjemn\u00e9 atmosf\u00e9\u0159e jsme si zast\u0159\u00edleli. Foto je zde. <a href=\"https:\/\/www.sskborek.cz\/?page_id=3924\">Novoro\u010dn\u00ed st\u0159\u00edlen\u00ed 2026<\/a><\/p>\n<p>V sobotu 8.11.2025 se konal 53. ro\u010dn\u00edk Jiho\u010desk\u00fd kapr. Jedn\u00e1 se o tradi\u010dn\u00ed pistolov\u00fd z\u00e1vod na vzd\u00e1lenost 50 metr\u016f. Kapkou na p\u011bkn\u00e9m z\u00e1vod\u011b byla men\u0161\u00ed \u00fa\u010dast st\u0159elc\u016f. <a href=\"https:\/\/www.sskborek.cz\/?page_id=3906\">Zde<\/a> jsou v\u00fdsledky. A <a href=\"https:\/\/www.sskborek.cz\/?page_id=3914\">foto <\/a>vyhl\u00e1\u0161en\u00ed v\u00fdsledk\u016f.<\/p>\n<p>Ahoj, v sobotu 4.10.2025 se konal 66. ro\u010dn\u00edk tradi\u010dn\u00edho z\u00e1vodu Husitsk\u00fd \u0161t\u00edt. N\u00e1\u0161 SSK Borek zaji\u0161\u0165ovat discipl\u00ednu SP 30+30. Z\u00e1vod prob\u011bhl byl bez pot\u00ed\u017ei. Zde je foto v\u00edt\u011bz\u016f a v\u00fdsledkov\u00fd listina v\u00edt\u011bz\u016f discipl\u00edny SP 30+30 \u00a0<a href=\"https:\/\/www.sskborek.cz\/?page_id=3898\">66. ro\u010dn\u00edk Husitsk\u00fd \u0161t\u00edt 2025<\/a><\/p>\n<p>V sobotu 8.11.2025 se kon\u00e1 tradi\u010dn\u00ed pistolov\u00fd z\u00e1vod &#8211; Jiho\u010desk\u00fd kapr 53 ro\u010dn\u00edk. Kdo r\u00e1d st\u0159\u00edl\u00ed na v\u011bt\u0161\u00ed vzd\u00e1lenost je v\u00edt\u00e1n. Vlastn\u011b jste v\u00edt\u00e1ni v\u0161ichni. Propozice jsou <a href=\"https:\/\/www.sskborek.cz\/?page_id=3885\">zde.<\/a><\/p>\n<p>Bylo dokon\u010deno sestaven\u00ed sportovn\u00edho kalend\u00e1\u0159e z\u00e1vod\u016f na st\u0159elnici SSK Borek. B\u011bhem roku m\u016f\u017ee doj\u00edt k drobn\u00fdm \u00faprav\u00e1m o kter\u00fdch ale budete informov\u00e1ni. Kalend\u00e1\u0159 najdete <a href=\"https:\/\/www.sskborek.cz\/?page_id=3874\">zde<\/a>.<\/p>\n<p>V sobotu 9.11.2024 se konal 52 ro\u010dn\u00edk, tradi\u010dn\u00edho z\u00e1vodu Jiho\u010desk\u00fd kapr. V\u00fdsledkov\u00e1 listina je <a href=\"https:\/\/www.sskborek.cz\/?page_id=3869\">zde<\/a>. V\u0161em st\u0159elc\u016f d\u011bkuji, \u017ee p\u0159ijeli i kdy\u017e byla dost velk\u00e1 mlha. Ale na ter\u010de bylo vid\u011bt. Tak zase p\u0159\u00ed\u0161t\u00ed rok.<\/p>\n<p>V sobotu 9.11.2024 se kon\u00e1 52 ro\u010dn\u00edk tradi\u010dn\u00edho z\u00e1vodu Jiho\u010desk\u00fd kapr. Propozice z\u00e1vodu jsou <a href=\"https:\/\/www.sskborek.cz\/?page_id=3865\">zde<\/a>. V\u0161ichni st\u0159elci z pistole, jste zv\u00e1ni.<\/p>\n<p>V sobotu 5.10.2024 se konal 65 ro\u010dn\u00edk z\u00e1vodu Husitsk\u00fd \u0161t\u00edt. Podle po\u010dtu ro\u010dn\u00edk\u016f se jedn\u00e1 o jeden nejstar\u0161\u00ed z\u00e1vod v \u0161irok\u00e9m okol\u00ed. \u00da\u010dast st\u0159elc\u016f byla dobr\u00e1. V\u011b\u0159\u00edm, \u017ee na 66. ro\u010dn\u00edk bude v\u00edce pistol\u00e1\u0159\u016f SP 30+30. v\u00fdsledky a foto je <a href=\"https:\/\/www.sskborek.cz\/?page_id=3852\">zde<\/a>.<\/p>\n<p><a href=\"https:\/\/www.sskborek.cz\/?page_id=3843\">Zde<\/a> jsou v\u00fdsledky 4.kola Boreck\u00e9ho poh\u00e1ru 2024.<\/p>\n<p>V sobotu 10.8.2024 se kon\u00e1 4. kolo Boreck\u00e9ho poh\u00e1ru 2024. Kdo st\u0159\u00edl\u00ed SP 30+30, jste zv\u00e1ni.<\/p>\n<p>V sobotu 27.7.2024 se konalo dal\u0161\u00ed, 3. kolo Boreck\u00e9ho poh\u00e1ru. V\u00fdsledky jsou <a href=\"https:\/\/www.sskborek.cz\/?page_id=3836\">zde.<\/a><\/p>\n<p>V sobotu 15.6.2024 se konalo 2. kolo Boreck\u00e9ho poh\u00e1ru MPi\u00a0 2024.\u00a0 <a href=\"https:\/\/www.sskborek.cz\/?page_id=3817\">Zde<\/a> jsou v\u00fdsledky velmi poveden\u00e9ho z\u00e1vodu. 3. kolo Boreck\u00e9ho poh\u00e1ru se bude v sobotu konat 27.7.2024. V\u00fdsledky 2. kola jsou <a href=\"https:\/\/www.sskborek.cz\/?page_id=3824\">zde.<\/a><\/p>\n<p>V sobotu 11.5.2024 se konalo 1. kolo Boreck\u00e9ho poh\u00e1ru MPi\u00a0 2024.\u00a0 <a href=\"https:\/\/www.sskborek.cz\/?page_id=3817\">Zde<\/a> jsou v\u00fdsledky velmi poveden\u00e9ho z\u00e1vodu. Term\u00edny dal\u0161\u00edch kol jseu v kalend\u00e1\u0159i sportovn\u00edch akc\u00ed, kter\u00fd je tak\u00e9 na na\u0161ich str\u00e1nk\u00e1ch.<\/p>\n<p>Zve\u0159ejnili jsme dopln\u011bn\u00fd kalend\u00e1\u0159 sportovn\u00edch akc\u00ed v roce 2024. Dopln\u011bny jsou term\u00edny Boreck\u00e9ho poh\u00e1ru 2024, na kter\u00e9 jste vy, kte\u0159\u00ed st\u0159\u00edl\u00edte pistoli .22 LR, srde\u010dn\u011b zv\u00e1ni.<\/p>\n<p>Na st\u0159elnici SSK Borek budeme organizovat z\u00e1vody podle p\u0159ilo\u017een\u00e9 <a href=\"https:\/\/www.sskborek.cz\/?page_id=3803\">kalend\u00e1\u0159e<\/a>. Ten bude podle pot\u0159eby dopl\u0148ovat.<\/p>\n<p>Dne, t.j. v sobotu 24.2.2024 po\u0159\u00e1dal n\u00e1\u0161 SSK Borek z\u00e1vod Zimn\u00ed cena \u0160umavy 2024. \u00da\u010dast byla\u00a0 v\u00fdborn\u00e1. I v\u00fdsledky byly v\u00fdborn\u00e9. Na\u00a0 prvn\u00edch p\u011bti m\u00edstech byli 3 st\u0159elci SSK\u00a0 Borek. <a href=\"https:\/\/www.sskborek.cz\/?page_id=3794\">Zde<\/a> jsou v\u00fdsledky z\u00e1vodu.<\/p>\n<p>V\u0161em st\u0159elc\u016fm a p\u0159\u00edznivc\u016fm sportovn\u00ed st\u0159elby p\u0159ejeme hodn\u011b zdrav\u00ed a spokojenosti v roce 2024<\/p>\n<p>Dnes, v sobotu 4.11.2023 se konal 51. ro\u010dn\u00edk tradi\u010dn\u00edho z\u00e1vodu Jiho\u010desk\u00fd kapr. Po\u010das\u00ed bylo n\u00e1dhern\u00e9, st\u0159\u00edlelo se v pohod\u011b. Jen st\u0159elc\u016f mohlo b\u00fdt v\u00edce. <a href=\"https:\/\/www.sskborek.cz\/?page_id=3780\">Zde<\/a> jsou v\u00fdsledky z\u00e1vodu. Tak za rok snad.<\/p>\n<p>V sobotu 7.10.2023 se konal 64. ro\u010dn\u00edk tradi\u010dn\u00edho malor\u00e1\u017eov\u00e9ho z\u00e1vodu.. <a href=\"https:\/\/www.sskborek.cz\/?page_id=3775\">Zde<\/a> jsou jeho v\u00fdsledky.<\/p>\n<p>4.11.2023 po\u0159\u00e1d\u00e1me 51. ro\u010dn\u00edk pistolov\u00e9ho z\u00e1vodu Jiho\u010desk\u00fd kapr. kdo byl u n\u00e1s v roce 2022 tak v\u00ed, \u017ee se st\u0159\u00edl\u00ed na 3 r\u016fzn\u00e9 ter\u010de a v\u0161echny ve stoje. Propozice jsou <a href=\"https:\/\/www.sskborek.cz\/?page_id=3763\">zde.<\/a><\/p>\n<p>V sobotu 9.9.2023 se konalo 5. kolo Boreck\u00e9ho poh\u00e1ru MPi. <a href=\"https:\/\/www.sskborek.cz\/?page_id=3745\">Zde<\/a> jsou celkov\u00e9 v\u00fdsledky. V\u0161em d\u011bkuji za \u00fa\u010dast a t\u011b\u0161\u00edme se na p\u0159\u00ed\u0161t\u00ed ro\u010dn\u00edk.<\/p>\n<p>V sobotu 12.8.2023 se konalo 4. kolo Boreck\u00e9ho poh\u00e1ru 2023 ve st\u0159elb\u011b z MPi. <a href=\"https:\/\/www.sskborek.cz\/?page_id=3740\">Zde <\/a>jsou v\u00fdsledky.\u00a0 Posledn\u00ed kolo se st\u0159\u00edl\u00ed v sobotu 9.9.2023.<\/p>\n<p><a href=\"https:\/\/www.sskborek.cz\/?page_id=3736\">Zde<\/a> jsou v\u00fdsledky 3. kolo Boreck\u00e9ho poh\u00e1ru. Dal\u0161\u00ed kolo se kon\u00e1 12.8.2023.<\/p>\n<p>V sobotu 17.6.2023 se konalo 2. kolo z\u00e1vodu Boreck\u00fd poh\u00e1r 2023. V\u00fdsledky jsou <a href=\"https:\/\/www.sskborek.cz\/?page_id=3730\">zde.<\/a> 11.6.2023. Term\u00edny dal\u0161\u00edch kol Boreck\u00e9ho poh\u00e1ru\u00a0 jsou uvedeny v kalend\u00e1\u0159i sportovn\u00edch akc\u00ed SSK Borek, zve\u0159ejn\u011bn\u00fdch na str\u00e1nk\u00e1ch www.sskborek.eu.<\/p>\n<p>V ned\u011bli 11.6.2023 odpoledne jsme pom\u00e1hali zaji\u0161\u0165ovat D\u011btsk\u00fd den, kter\u00fd organizoval obecn\u00ed \u00fa\u0159ad Borek. M\u011bli jsme na starost z\u00e1bavnou st\u0159elbu ze vzduchovky. V\u0161em d\u011btem se st\u0159elba l\u00edbila a n\u011bkter\u00e9 d\u011bti byly hodn\u011b \u0161ikovn\u00e9. Byla to z\u00e1bava i pro n\u00e1s, co jsme akci zaji\u0161\u0165ovali. T\u011b\u0161\u00edme se na p\u0159\u00ed\u0161t\u00ed D\u011btsk\u00fd den.<\/p>\n<div id=\"attachment_3723\" style=\"width: 650px\" class=\"wp-caption aligncenter\"><a href=\"https:\/\/www.sskborek.cz\/wp-content\/uploads\/Detsky-den-Borek-1-scaled.jpg\"><img aria-describedby=\"caption-attachment-3723\" decoding=\"async\" loading=\"lazy\" class=\"wp-image-3723 size-large\" src=\"https:\/\/www.sskborek.cz\/wp-content\/uploads\/Detsky-den-Borek-1-scaled-e1687003632836-1024x536.jpg\" alt=\"\" width=\"640\" height=\"335\" srcset=\"https:\/\/www.sskborek.cz\/wp-content\/uploads\/Detsky-den-Borek-1-scaled-e1687003632836-1024x536.jpg 1024w, https:\/\/www.sskborek.cz\/wp-content\/uploads\/Detsky-den-Borek-1-scaled-e1687003632836-300x157.jpg 300w, https:\/\/www.sskborek.cz\/wp-content\/uploads\/Detsky-den-Borek-1-scaled-e1687003632836-768x402.jpg 768w, https:\/\/www.sskborek.cz\/wp-content\/uploads\/Detsky-den-Borek-1-scaled-e1687003632836-1536x804.jpg 1536w, https:\/\/www.sskborek.cz\/wp-content\/uploads\/Detsky-den-Borek-1-scaled-e1687003632836-2048x1072.jpg 2048w\" sizes=\"(max-width: 640px) 100vw, 640px\" \/><\/a><p id=\"caption-attachment-3723\" class=\"wp-caption-text\">Obsluha vzduchovkov\u00e9 st\u0159elnice<\/p><\/div>\n<p>O v\u00edkendu 27.5.223 a 28.5.2023 se konalo 1.kolo \u010cesk\u00e9ho poh\u00e1ru ml\u00e1de\u017ee. St\u0159\u00edlely se vzduchov\u00e9 a malor\u00e1\u017eov\u00e9 zbran\u011b. P\u0159es pl\u00e1novanou hojnou \u00fa\u010dast dost mlad\u00fdch st\u0159elc\u016f nep\u0159ijelo a tak nakonec byla \u00fa\u010dast men\u0161\u00ed, ale zase byla v\u011bt\u0161\u00ed ne\u017e v roce 2022. St\u0159elci dosahovali velice p\u011bkn\u00fdch v\u00fdsledku a z\u00e1vod se v\u0161em l\u00edbil. Je nutn\u00e9 pod\u011bkovat v\u0161em organiz\u00e1tor\u016f z klub\u016f SSK Borek a SSK Stromovka \u010cesk\u00e9 Bud\u011bjovice.<\/p>\n<p>V sobotu 13.5.2023 se konalo 1. kolo Boreck\u00e9ho poh\u00e1ru. <a href=\"https:\/\/www.sskborek.cz\/?page_id=3712\">Zde j<\/a>sou jeho v\u00fdsledky.<\/p>\n<p>Provedena aktualizace Kalend\u00e1\u0159e sportovn\u00edch akci. Aktu\u00e1ln\u00ed kalend\u00e1\u0159 <a href=\"https:\/\/www.sskborek.cz\/?page_id=3705\">zde\u00a0<\/a><\/p>\n<p>V sobotu 25.2.2023 se konal 41 ro\u010dn\u00edk z\u00e1vodu Velk\u00e1 cena \u0160umavy. byla celkem velk\u00e1 \u00fa\u010dast. V z\u00e1vodu usp\u011bli st\u0159elci st\u0159elci po\u0159\u00e1daj\u00edc\u00edho SSK Borek\u00a0 V\u00fdsledkov\u00e1 listina je <a href=\"https:\/\/www.sskborek.cz\/?page_id=3695\">zde<\/a> tak\u00e9 <a href=\"https:\/\/www.sskborek.cz\/?page_id=3700\">foto<\/a>.<\/p>\n<p>V sobotu 5.11.2022 se konal 50. ro\u010dn\u00edk z\u00e1vodu Jiho\u010desk\u00fd kapr. <a href=\"https:\/\/www.sskborek.cz\/?page_id=3685\">Zde<\/a> jsou jeho v\u00fdsledky. V\u011b\u0159\u00edm, \u017ee v 51. ro\u010dn\u00edku bude v\u011bt\u0161\u00ed \u00fa\u010dast st\u0159elc\u016f.<\/p>\n<p>V sobotu 5.11.2022 se kon\u00e1 50. ro\u010dn\u00edk z\u00e1vodu Jiho\u010desk\u00fd kapr. Oproti minul\u00fdm ro\u010dn\u00edk\u016fm doch\u00e1z\u00ed k z\u00e1sadn\u00ed zm\u011bn\u011b. V\u0161echny polo\u017eky z\u00e1vodu se st\u0159\u00edl\u00ed v poloze vestoje.\u00a0 K\u00a0 t\u00e9to zm\u011bn\u011b bylo p\u0159istoupeno z d\u016fvodu obt\u00ed\u017enosti polohy vkle\u010de a vle\u017ee pro n\u011bkter\u00e9 v\u011bkov\u00e9 kategorie. V\u0161ichni z\u00e1jemci o p\u0159esnou st\u0159elbu pistol\u00ed na v\u011bt\u0161\u00ed vzd\u00e1lenosti jste v\u00edt\u00e1ni. Propozice jsou <a href=\"https:\/\/www.sskborek.cz\/?page_id=3679\">zde.<\/a><\/p>\n","protected":false},"excerpt":{"rendered":"<p>Aktualizov\u00e1no dne 3.4.2026 V sobotu 3.4.2026 se na st\u0159elnici Borek konal z\u00e1vod ve st\u0159elb\u011b z p\u0159edovek. Z\u00e1vod se na Boreck\u00e9 st\u0159elnici konal po dlouh\u00fdch 29 letech. Posledn\u00edm z\u00e1vodem bylo M \u010cR v roce 1997. Z\u00e1vod se moc povedl a mo\u017en\u00e1 &hellip; <a href=\"https:\/\/www.sskborek.cz\/\">Cel\u00fd p\u0159\u00edsp\u011bvek <span class=\"meta-nav\">&rarr;<\/span><\/a><\/p>\n","protected":false},"author":1,"featured_media":0,"parent":0,"menu_order":-2,"comment_status":"closed","ping_status":"closed","template":"","meta":[],"_links":{"self":[{"href":"https:\/\/www.sskborek.cz\/index.php?rest_route=\/wp\/v2\/pages\/89"}],"collection":[{"href":"https:\/\/www.sskborek.cz\/index.php?rest_route=\/wp\/v2\/pages"}],"about":[{"href":"https:\/\/www.sskborek.cz\/index.php?rest_route=\/wp\/v2\/types\/page"}],"author":[{"embeddable":true,"href":"https:\/\/www.sskborek.cz\/index.php?rest_route=\/wp\/v2\/users\/1"}],"replies":[{"embeddable":true,"href":"https:\/\/www.sskborek.cz\/index.php?rest_route=%2Fwp%2Fv2%2Fcomments&post=89"}],"version-history":[{"count":480,"href":"https:\/\/www.sskborek.cz\/index.php?rest_route=\/wp\/v2\/pages\/89\/revisions"}],"predecessor-version":[{"id":3972,"href":"https:\/\/www.sskborek.cz\/index.php?rest_route=\/wp\/v2\/pages\/89\/revisions\/3972"}],"wp:attachment":[{"href":"https:\/\/www.sskborek.cz\/index.php?rest_route=%2Fwp%2Fv2%2Fmedia&parent=89"}],"curies":[{"name":"wp","href":"https:\/\/api.w.org\/{rel}","templated":true}]}}