{"id":60,"date":"2012-10-23T18:45:36","date_gmt":"2012-10-23T18:45:36","guid":{"rendered":"http:\/\/www.sskborek.cz\/?page_id=60"},"modified":"2013-12-08T18:26:59","modified_gmt":"2013-12-08T17:26:59","slug":"souteze","status":"publish","type":"page","link":"https:\/\/www.sskborek.cz\/?page_id=60","title":{"rendered":"Z\u00e1vody"},"content":{"rendered":"<p><a href=\"http:\/\/www.sskborek.cz\/?page_id=615\">Jiho\u010desk\u00fd krajsk\u00fd p\u0159ebor 2013<\/a><\/p>\n<p><a href=\"http:\/\/www.sskborek.cz\/wp-content\/uploads\/Boreck\u00fd-poh\u00e1r-2013.pdf\" target=\"_blank\">Boreck\u00fd poh\u00e1r 2013<\/a><\/p>\n<p><a href=\"http:\/\/www.sskborek.cz\/wp-content\/uploads\/VCBORKU20121.doc\">Velk\u00e1 cena Borku 2012<\/a><\/p>\n<p>&nbsp;<\/p>\n","protected":false},"excerpt":{"rendered":"<p>Jiho\u010desk\u00fd krajsk\u00fd p\u0159ebor 2013 Boreck\u00fd poh\u00e1r 2013 Velk\u00e1 cena Borku 2012 &nbsp;<\/p>\n","protected":false},"author":1,"featured_media":0,"parent":0,"menu_order":1,"comment_status":"closed","ping_status":"closed","template":"","meta":[],"_links":{"self":[{"href":"https:\/\/www.sskborek.cz\/index.php?rest_route=\/wp\/v2\/pages\/60"}],"collection":[{"href":"https:\/\/www.sskborek.cz\/index.php?rest_route=\/wp\/v2\/pages"}],"about":[{"href":"https:\/\/www.sskborek.cz\/index.php?rest_route=\/wp\/v2\/types\/page"}],"author":[{"embeddable":true,"href":"https:\/\/www.sskborek.cz\/index.php?rest_route=\/wp\/v2\/users\/1"}],"replies":[{"embeddable":true,"href":"https:\/\/www.sskborek.cz\/index.php?rest_route=%2Fwp%2Fv2%2Fcomments&post=60"}],"version-history":[{"count":27,"href":"https:\/\/www.sskborek.cz\/index.php?rest_route=\/wp\/v2\/pages\/60\/revisions"}],"predecessor-version":[{"id":65,"href":"https:\/\/www.sskborek.cz\/index.php?rest_route=\/wp\/v2\/pages\/60\/revisions\/65"}],"wp:attachment":[{"href":"https:\/\/www.sskborek.cz\/index.php?rest_route=%2Fwp%2Fv2%2Fmedia&parent=60"}],"curies":[{"name":"wp","href":"https:\/\/api.w.org\/{rel}","templated":true}]}}