{"id":3961,"date":"2026-04-03T19:19:02","date_gmt":"2026-04-03T17:19:02","guid":{"rendered":"https:\/\/www.sskborek.cz\/?page_id=3961"},"modified":"2026-04-03T19:19:02","modified_gmt":"2026-04-03T17:19:02","slug":"predovkove-zavody-borek","status":"publish","type":"page","link":"https:\/\/www.sskborek.cz\/?page_id=3961","title":{"rendered":"P\u0159edovkov\u00e9 z\u00e1vody Borek"},"content":{"rendered":"\n<figure class=\"wp-block-image size-large\"><a href=\"https:\/\/www.sskborek.cz\/wp-content\/uploads\/Predovky-Borek-1-1.jpg\"><img decoding=\"async\" loading=\"lazy\" width=\"1024\" height=\"519\" src=\"https:\/\/www.sskborek.cz\/wp-content\/uploads\/Predovky-Borek-1-1-1024x519.jpg\" alt=\"\" class=\"wp-image-3962\" srcset=\"https:\/\/www.sskborek.cz\/wp-content\/uploads\/Predovky-Borek-1-1-1024x519.jpg 1024w, https:\/\/www.sskborek.cz\/wp-content\/uploads\/Predovky-Borek-1-1-300x152.jpg 300w, https:\/\/www.sskborek.cz\/wp-content\/uploads\/Predovky-Borek-1-1-768x389.jpg 768w, https:\/\/www.sskborek.cz\/wp-content\/uploads\/Predovky-Borek-1-1-1536x779.jpg 1536w, https:\/\/www.sskborek.cz\/wp-content\/uploads\/Predovky-Borek-1-1.jpg 2000w\" sizes=\"(max-width: 1024px) 100vw, 1024px\" \/><\/a><\/figure>\n\n\n\n<figure class=\"wp-block-image size-large\"><a href=\"https:\/\/www.sskborek.cz\/wp-content\/uploads\/Predovky-Borek-2-1.jpg\"><img decoding=\"async\" loading=\"lazy\" width=\"1024\" height=\"823\" src=\"https:\/\/www.sskborek.cz\/wp-content\/uploads\/Predovky-Borek-2-1-1024x823.jpg\" alt=\"\" class=\"wp-image-3963\" srcset=\"https:\/\/www.sskborek.cz\/wp-content\/uploads\/Predovky-Borek-2-1-1024x823.jpg 1024w, https:\/\/www.sskborek.cz\/wp-content\/uploads\/Predovky-Borek-2-1-300x241.jpg 300w, https:\/\/www.sskborek.cz\/wp-content\/uploads\/Predovky-Borek-2-1-768x617.jpg 768w, https:\/\/www.sskborek.cz\/wp-content\/uploads\/Predovky-Borek-2-1-1536x1235.jpg 1536w, https:\/\/www.sskborek.cz\/wp-content\/uploads\/Predovky-Borek-2-1.jpg 2000w\" sizes=\"(max-width: 1024px) 100vw, 1024px\" \/><\/a><\/figure>\n\n\n\n<figure class=\"wp-block-image size-large\"><a href=\"https:\/\/www.sskborek.cz\/wp-content\/uploads\/Predovky-Borek-3.jpg\"><img decoding=\"async\" loading=\"lazy\" width=\"1024\" height=\"768\" src=\"https:\/\/www.sskborek.cz\/wp-content\/uploads\/Predovky-Borek-3-1024x768.jpg\" alt=\"\" class=\"wp-image-3964\" srcset=\"https:\/\/www.sskborek.cz\/wp-content\/uploads\/Predovky-Borek-3-1024x768.jpg 1024w, https:\/\/www.sskborek.cz\/wp-content\/uploads\/Predovky-Borek-3-300x225.jpg 300w, https:\/\/www.sskborek.cz\/wp-content\/uploads\/Predovky-Borek-3-768x576.jpg 768w, https:\/\/www.sskborek.cz\/wp-content\/uploads\/Predovky-Borek-3-1536x1152.jpg 1536w, https:\/\/www.sskborek.cz\/wp-content\/uploads\/Predovky-Borek-3.jpg 2000w\" sizes=\"(max-width: 1024px) 100vw, 1024px\" \/><\/a><\/figure>\n\n\n\n<figure class=\"wp-block-image size-large\"><a href=\"https:\/\/www.sskborek.cz\/wp-content\/uploads\/Predovky-Borek-4.jpg\"><img decoding=\"async\" loading=\"lazy\" width=\"1024\" height=\"580\" src=\"https:\/\/www.sskborek.cz\/wp-content\/uploads\/Predovky-Borek-4-1024x580.jpg\" alt=\"\" class=\"wp-image-3965\" srcset=\"https:\/\/www.sskborek.cz\/wp-content\/uploads\/Predovky-Borek-4-1024x580.jpg 1024w, https:\/\/www.sskborek.cz\/wp-content\/uploads\/Predovky-Borek-4-300x170.jpg 300w, https:\/\/www.sskborek.cz\/wp-content\/uploads\/Predovky-Borek-4-768x435.jpg 768w, https:\/\/www.sskborek.cz\/wp-content\/uploads\/Predovky-Borek-4-1536x870.jpg 1536w, https:\/\/www.sskborek.cz\/wp-content\/uploads\/Predovky-Borek-4.jpg 2000w\" sizes=\"(max-width: 1024px) 100vw, 1024px\" \/><\/a><\/figure>\n\n\n\n<figure class=\"wp-block-image size-large\"><a href=\"https:\/\/www.sskborek.cz\/wp-content\/uploads\/Predovky-Borek-5.jpg\"><img decoding=\"async\" loading=\"lazy\" width=\"1024\" height=\"895\" src=\"https:\/\/www.sskborek.cz\/wp-content\/uploads\/Predovky-Borek-5-1024x895.jpg\" alt=\"\" class=\"wp-image-3966\" srcset=\"https:\/\/www.sskborek.cz\/wp-content\/uploads\/Predovky-Borek-5-1024x895.jpg 1024w, https:\/\/www.sskborek.cz\/wp-content\/uploads\/Predovky-Borek-5-300x262.jpg 300w, https:\/\/www.sskborek.cz\/wp-content\/uploads\/Predovky-Borek-5-768x671.jpg 768w, https:\/\/www.sskborek.cz\/wp-content\/uploads\/Predovky-Borek-5-1536x1342.jpg 1536w, https:\/\/www.sskborek.cz\/wp-content\/uploads\/Predovky-Borek-5.jpg 2000w\" sizes=\"(max-width: 1024px) 100vw, 1024px\" \/><\/a><\/figure>\n\n\n\n<figure class=\"wp-block-image size-large\"><a href=\"https:\/\/www.sskborek.cz\/wp-content\/uploads\/Predovky-Borek-6.jpg\"><img decoding=\"async\" loading=\"lazy\" width=\"1024\" height=\"768\" src=\"https:\/\/www.sskborek.cz\/wp-content\/uploads\/Predovky-Borek-6-1024x768.jpg\" alt=\"\" class=\"wp-image-3967\" srcset=\"https:\/\/www.sskborek.cz\/wp-content\/uploads\/Predovky-Borek-6-1024x768.jpg 1024w, https:\/\/www.sskborek.cz\/wp-content\/uploads\/Predovky-Borek-6-300x225.jpg 300w, https:\/\/www.sskborek.cz\/wp-content\/uploads\/Predovky-Borek-6-768x576.jpg 768w, https:\/\/www.sskborek.cz\/wp-content\/uploads\/Predovky-Borek-6-1536x1152.jpg 1536w, https:\/\/www.sskborek.cz\/wp-content\/uploads\/Predovky-Borek-6.jpg 2000w\" sizes=\"(max-width: 1024px) 100vw, 1024px\" \/><\/a><\/figure>\n\n\n\n<figure class=\"wp-block-image size-large\"><a href=\"https:\/\/www.sskborek.cz\/wp-content\/uploads\/Predovky-Borek-7.jpg\"><img decoding=\"async\" loading=\"lazy\" width=\"1024\" height=\"1017\" src=\"https:\/\/www.sskborek.cz\/wp-content\/uploads\/Predovky-Borek-7-1024x1017.jpg\" alt=\"\" class=\"wp-image-3968\" srcset=\"https:\/\/www.sskborek.cz\/wp-content\/uploads\/Predovky-Borek-7-1024x1017.jpg 1024w, https:\/\/www.sskborek.cz\/wp-content\/uploads\/Predovky-Borek-7-300x298.jpg 300w, https:\/\/www.sskborek.cz\/wp-content\/uploads\/Predovky-Borek-7-150x150.jpg 150w, https:\/\/www.sskborek.cz\/wp-content\/uploads\/Predovky-Borek-7-768x763.jpg 768w, https:\/\/www.sskborek.cz\/wp-content\/uploads\/Predovky-Borek-7-1536x1526.jpg 1536w, https:\/\/www.sskborek.cz\/wp-content\/uploads\/Predovky-Borek-7.jpg 2000w\" sizes=\"(max-width: 1024px) 100vw, 1024px\" \/><\/a><\/figure>\n\n\n\n<figure class=\"wp-block-image size-large\"><a href=\"https:\/\/www.sskborek.cz\/wp-content\/uploads\/Predovky-Borek-8.jpg\"><img decoding=\"async\" loading=\"lazy\" width=\"1024\" height=\"924\" src=\"https:\/\/www.sskborek.cz\/wp-content\/uploads\/Predovky-Borek-8-1024x924.jpg\" alt=\"\" class=\"wp-image-3969\" srcset=\"https:\/\/www.sskborek.cz\/wp-content\/uploads\/Predovky-Borek-8-1024x924.jpg 1024w, https:\/\/www.sskborek.cz\/wp-content\/uploads\/Predovky-Borek-8-300x271.jpg 300w, https:\/\/www.sskborek.cz\/wp-content\/uploads\/Predovky-Borek-8-768x693.jpg 768w, https:\/\/www.sskborek.cz\/wp-content\/uploads\/Predovky-Borek-8-1536x1386.jpg 1536w, https:\/\/www.sskborek.cz\/wp-content\/uploads\/Predovky-Borek-8.jpg 2000w\" sizes=\"(max-width: 1024px) 100vw, 1024px\" \/><\/a><\/figure>\n","protected":false},"excerpt":{"rendered":"","protected":false},"author":1,"featured_media":0,"parent":0,"menu_order":0,"comment_status":"closed","ping_status":"closed","template":"","meta":[],"_links":{"self":[{"href":"https:\/\/www.sskborek.cz\/index.php?rest_route=\/wp\/v2\/pages\/3961"}],"collection":[{"href":"https:\/\/www.sskborek.cz\/index.php?rest_route=\/wp\/v2\/pages"}],"about":[{"href":"https:\/\/www.sskborek.cz\/index.php?rest_route=\/wp\/v2\/types\/page"}],"author":[{"embeddable":true,"href":"https:\/\/www.sskborek.cz\/index.php?rest_route=\/wp\/v2\/users\/1"}],"replies":[{"embeddable":true,"href":"https:\/\/www.sskborek.cz\/index.php?rest_route=%2Fwp%2Fv2%2Fcomments&post=3961"}],"version-history":[{"count":1,"href":"https:\/\/www.sskborek.cz\/index.php?rest_route=\/wp\/v2\/pages\/3961\/revisions"}],"predecessor-version":[{"id":3970,"href":"https:\/\/www.sskborek.cz\/index.php?rest_route=\/wp\/v2\/pages\/3961\/revisions\/3970"}],"wp:attachment":[{"href":"https:\/\/www.sskborek.cz\/index.php?rest_route=%2Fwp%2Fv2%2Fmedia&parent=3961"}],"curies":[{"name":"wp","href":"https:\/\/api.w.org\/{rel}","templated":true}]}}