{"id":3924,"date":"2026-01-01T19:09:22","date_gmt":"2026-01-01T17:09:22","guid":{"rendered":"https:\/\/www.sskborek.cz\/?page_id=3924"},"modified":"2026-01-01T19:09:22","modified_gmt":"2026-01-01T17:09:22","slug":"novorocni-strileni-2026","status":"publish","type":"page","link":"https:\/\/www.sskborek.cz\/?page_id=3924","title":{"rendered":"Novoro\u010dn\u00ed st\u0159\u00edlen\u00ed 2026"},"content":{"rendered":"\n<div class=\"wp-block-file\"><a id=\"wp-block-file--media-51c8f1d0-e02a-49c8-b175-4c6f8f81c473\" href=\"https:\/\/www.sskborek.cz\/wp-content\/uploads\/2026-01-a-scaled.jpg\">2026-01-a<\/a><a href=\"https:\/\/www.sskborek.cz\/wp-content\/uploads\/2026-01-a-scaled.jpg\" class=\"wp-block-file__button wp-element-button\" download aria-describedby=\"wp-block-file--media-51c8f1d0-e02a-49c8-b175-4c6f8f81c473\">St\u00e1hnout<\/a><\/div>\n\n\n\n<div class=\"wp-block-file\"><a id=\"wp-block-file--media-c7b4cf4a-131d-4355-8f54-1f441ff0c63a\" href=\"https:\/\/www.sskborek.cz\/wp-content\/uploads\/PF-2026-terc-1-scaled.jpg\">PF-2026-terc-1<\/a><a href=\"https:\/\/www.sskborek.cz\/wp-content\/uploads\/PF-2026-terc-1-scaled.jpg\" class=\"wp-block-file__button wp-element-button\" download aria-describedby=\"wp-block-file--media-c7b4cf4a-131d-4355-8f54-1f441ff0c63a\">St\u00e1hnout<\/a><\/div>\n","protected":false},"excerpt":{"rendered":"","protected":false},"author":1,"featured_media":0,"parent":0,"menu_order":0,"comment_status":"closed","ping_status":"closed","template":"","meta":[],"_links":{"self":[{"href":"https:\/\/www.sskborek.cz\/index.php?rest_route=\/wp\/v2\/pages\/3924"}],"collection":[{"href":"https:\/\/www.sskborek.cz\/index.php?rest_route=\/wp\/v2\/pages"}],"about":[{"href":"https:\/\/www.sskborek.cz\/index.php?rest_route=\/wp\/v2\/types\/page"}],"author":[{"embeddable":true,"href":"https:\/\/www.sskborek.cz\/index.php?rest_route=\/wp\/v2\/users\/1"}],"replies":[{"embeddable":true,"href":"https:\/\/www.sskborek.cz\/index.php?rest_route=%2Fwp%2Fv2%2Fcomments&post=3924"}],"version-history":[{"count":1,"href":"https:\/\/www.sskborek.cz\/index.php?rest_route=\/wp\/v2\/pages\/3924\/revisions"}],"predecessor-version":[{"id":3928,"href":"https:\/\/www.sskborek.cz\/index.php?rest_route=\/wp\/v2\/pages\/3924\/revisions\/3928"}],"wp:attachment":[{"href":"https:\/\/www.sskborek.cz\/index.php?rest_route=%2Fwp%2Fv2%2Fmedia&parent=3924"}],"curies":[{"name":"wp","href":"https:\/\/api.w.org\/{rel}","templated":true}]}}