{"id":3918,"date":"2025-12-03T17:45:30","date_gmt":"2025-12-03T15:45:30","guid":{"rendered":"https:\/\/www.sskborek.cz\/?page_id=3918"},"modified":"2025-12-03T17:53:12","modified_gmt":"2025-12-03T15:53:12","slug":"zapis-z-jednani-vyboru-c-4","status":"publish","type":"page","link":"https:\/\/www.sskborek.cz\/?page_id=3918","title":{"rendered":"Z\u00e1pis z jedn\u00e1n\u00ed v\u00fdboru \u010d. 4"},"content":{"rendered":"\n<div class=\"wp-block-file\"><object class=\"wp-block-file__embed\" data=\"https:\/\/www.sskborek.cz\/wp-content\/uploads\/Zapis-z-jednani-vyboru-c.-4.pdf\" type=\"application\/pdf\" style=\"width:100%;height:600px\" aria-label=\"Vlo\u017eit z Zapis-z-jednani-vyboru-c.-4.\"><\/object><a id=\"wp-block-file--media-2cff48eb-c062-48e4-9819-29d77e6fca55\" href=\"https:\/\/www.sskborek.cz\/wp-content\/uploads\/Zapis-z-jednani-vyboru-c.-4.pdf\">Zapis-z-jednani-vyboru-c.-4<\/a><a href=\"https:\/\/www.sskborek.cz\/wp-content\/uploads\/Zapis-z-jednani-vyboru-c.-4.pdf\" class=\"wp-block-file__button wp-element-button\" download aria-describedby=\"wp-block-file--media-2cff48eb-c062-48e4-9819-29d77e6fca55\">St\u00e1hnout<\/a><\/div>\n","protected":false},"excerpt":{"rendered":"","protected":false},"author":1,"featured_media":0,"parent":24,"menu_order":0,"comment_status":"closed","ping_status":"closed","template":"","meta":[],"_links":{"self":[{"href":"https:\/\/www.sskborek.cz\/index.php?rest_route=\/wp\/v2\/pages\/3918"}],"collection":[{"href":"https:\/\/www.sskborek.cz\/index.php?rest_route=\/wp\/v2\/pages"}],"about":[{"href":"https:\/\/www.sskborek.cz\/index.php?rest_route=\/wp\/v2\/types\/page"}],"author":[{"embeddable":true,"href":"https:\/\/www.sskborek.cz\/index.php?rest_route=\/wp\/v2\/users\/1"}],"replies":[{"embeddable":true,"href":"https:\/\/www.sskborek.cz\/index.php?rest_route=%2Fwp%2Fv2%2Fcomments&post=3918"}],"version-history":[{"count":1,"href":"https:\/\/www.sskborek.cz\/index.php?rest_route=\/wp\/v2\/pages\/3918\/revisions"}],"predecessor-version":[{"id":3920,"href":"https:\/\/www.sskborek.cz\/index.php?rest_route=\/wp\/v2\/pages\/3918\/revisions\/3920"}],"up":[{"embeddable":true,"href":"https:\/\/www.sskborek.cz\/index.php?rest_route=\/wp\/v2\/pages\/24"}],"wp:attachment":[{"href":"https:\/\/www.sskborek.cz\/index.php?rest_route=%2Fwp%2Fv2%2Fmedia&parent=3918"}],"curies":[{"name":"wp","href":"https:\/\/api.w.org\/{rel}","templated":true}]}}