{"id":3914,"date":"2025-11-09T18:31:25","date_gmt":"2025-11-09T16:31:25","guid":{"rendered":"https:\/\/www.sskborek.cz\/?page_id=3914"},"modified":"2025-11-09T18:31:25","modified_gmt":"2025-11-09T16:31:25","slug":"foto-vyhlaseni-vysledku-53-rocniku-jihocesky-kapr-8-11-2025","status":"publish","type":"page","link":"https:\/\/www.sskborek.cz\/?page_id=3914","title":{"rendered":"Foto vyhl\u00e1\u0161en\u00ed v\u00fdsledk\u016f 53. ro\u010dn\u00edku Jiho\u010desk\u00fd kapr 8.11.2025"},"content":{"rendered":"\n<div class=\"wp-block-file\"><a id=\"wp-block-file--media-a17730db-0419-4cb0-9924-59a84c21bfc2\" href=\"https:\/\/www.sskborek.cz\/wp-content\/uploads\/Foto-vyhlaseni-vysledku-Jihocesky-kapr-53-rocnik-scaled.jpg\">Foto-vyhlaseni-vysledku-Jihocesky-kapr-53-rocnik<\/a><a href=\"https:\/\/www.sskborek.cz\/wp-content\/uploads\/Foto-vyhlaseni-vysledku-Jihocesky-kapr-53-rocnik-scaled.jpg\" class=\"wp-block-file__button wp-element-button\" download aria-describedby=\"wp-block-file--media-a17730db-0419-4cb0-9924-59a84c21bfc2\">St\u00e1hnout<\/a><\/div>\n","protected":false},"excerpt":{"rendered":"","protected":false},"author":1,"featured_media":0,"parent":0,"menu_order":0,"comment_status":"closed","ping_status":"closed","template":"","meta":[],"_links":{"self":[{"href":"https:\/\/www.sskborek.cz\/index.php?rest_route=\/wp\/v2\/pages\/3914"}],"collection":[{"href":"https:\/\/www.sskborek.cz\/index.php?rest_route=\/wp\/v2\/pages"}],"about":[{"href":"https:\/\/www.sskborek.cz\/index.php?rest_route=\/wp\/v2\/types\/page"}],"author":[{"embeddable":true,"href":"https:\/\/www.sskborek.cz\/index.php?rest_route=\/wp\/v2\/users\/1"}],"replies":[{"embeddable":true,"href":"https:\/\/www.sskborek.cz\/index.php?rest_route=%2Fwp%2Fv2%2Fcomments&post=3914"}],"version-history":[{"count":1,"href":"https:\/\/www.sskborek.cz\/index.php?rest_route=\/wp\/v2\/pages\/3914\/revisions"}],"predecessor-version":[{"id":3916,"href":"https:\/\/www.sskborek.cz\/index.php?rest_route=\/wp\/v2\/pages\/3914\/revisions\/3916"}],"wp:attachment":[{"href":"https:\/\/www.sskborek.cz\/index.php?rest_route=%2Fwp%2Fv2%2Fmedia&parent=3914"}],"curies":[{"name":"wp","href":"https:\/\/api.w.org\/{rel}","templated":true}]}}