{"id":3898,"date":"2025-10-05T12:00:22","date_gmt":"2025-10-05T10:00:22","guid":{"rendered":"https:\/\/www.sskborek.cz\/?page_id=3898"},"modified":"2025-10-05T12:00:22","modified_gmt":"2025-10-05T10:00:22","slug":"66-rocnik-husitsky-stit-2025","status":"publish","type":"page","link":"https:\/\/www.sskborek.cz\/?page_id=3898","title":{"rendered":"66. ro\u010dn\u00edk Husitsk\u00fd \u0161t\u00edt 2025"},"content":{"rendered":"\n<div class=\"wp-block-file\"><a id=\"wp-block-file--media-d8ba4fb2-41e8-4fff-8916-82d1e3f721e9\" href=\"https:\/\/www.sskborek.cz\/wp-content\/uploads\/Vitezove-66-rocniku-HS-2025-scaled.jpg\">Vitezove-66-rocniku-HS-2025<\/a><a href=\"https:\/\/www.sskborek.cz\/wp-content\/uploads\/Vitezove-66-rocniku-HS-2025-scaled.jpg\" class=\"wp-block-file__button wp-element-button\" download aria-describedby=\"wp-block-file--media-d8ba4fb2-41e8-4fff-8916-82d1e3f721e9\">St\u00e1hnout<\/a><\/div>\n\n\n\n<div class=\"wp-block-file\"><a id=\"wp-block-file--media-e68b95ba-af7f-4790-9169-97bd7d8b8c67\" href=\"https:\/\/www.sskborek.cz\/wp-content\/uploads\/Prebornik-Jc-kraje-Miloslav-Pansky-scaled.jpg\">Prebornik-Jc-kraje-Miloslav-Pansky<\/a><a href=\"https:\/\/www.sskborek.cz\/wp-content\/uploads\/Prebornik-Jc-kraje-Miloslav-Pansky-scaled.jpg\" class=\"wp-block-file__button wp-element-button\" download aria-describedby=\"wp-block-file--media-e68b95ba-af7f-4790-9169-97bd7d8b8c67\">St\u00e1hnout<\/a><\/div>\n\n\n\n<div class=\"wp-block-file\"><a id=\"wp-block-file--media-3c7ce5a2-6e68-4305-b4f6-9eb49c4f7a96\" href=\"https:\/\/www.sskborek.cz\/wp-content\/uploads\/Nejstarci-ucastnik-66-rocniku-HS-205-Frantisek-Kubes-scaled.jpg\">Nejstarci-ucastnik-66-rocniku-HS-205-Frantisek-Kubes<\/a><a href=\"https:\/\/www.sskborek.cz\/wp-content\/uploads\/Nejstarci-ucastnik-66-rocniku-HS-205-Frantisek-Kubes-scaled.jpg\" class=\"wp-block-file__button wp-element-button\" download aria-describedby=\"wp-block-file--media-3c7ce5a2-6e68-4305-b4f6-9eb49c4f7a96\">St\u00e1hnout<\/a><\/div>\n\n\n\n<div class=\"wp-block-file\"><object class=\"wp-block-file__embed\" data=\"https:\/\/www.sskborek.cz\/wp-content\/uploads\/HS2025.pdf\" type=\"application\/pdf\" style=\"width:100%;height:600px\" aria-label=\"Vlo\u017eit z HS2025.\"><\/object><a id=\"wp-block-file--media-8525b85e-1eee-43f1-ae6d-749ba623ad3e\" href=\"https:\/\/www.sskborek.cz\/wp-content\/uploads\/HS2025.pdf\">HS2025<\/a><a href=\"https:\/\/www.sskborek.cz\/wp-content\/uploads\/HS2025.pdf\" class=\"wp-block-file__button wp-element-button\" download aria-describedby=\"wp-block-file--media-8525b85e-1eee-43f1-ae6d-749ba623ad3e\">St\u00e1hnout<\/a><\/div>\n","protected":false},"excerpt":{"rendered":"","protected":false},"author":1,"featured_media":0,"parent":0,"menu_order":0,"comment_status":"closed","ping_status":"closed","template":"","meta":[],"_links":{"self":[{"href":"https:\/\/www.sskborek.cz\/index.php?rest_route=\/wp\/v2\/pages\/3898"}],"collection":[{"href":"https:\/\/www.sskborek.cz\/index.php?rest_route=\/wp\/v2\/pages"}],"about":[{"href":"https:\/\/www.sskborek.cz\/index.php?rest_route=\/wp\/v2\/types\/page"}],"author":[{"embeddable":true,"href":"https:\/\/www.sskborek.cz\/index.php?rest_route=\/wp\/v2\/users\/1"}],"replies":[{"embeddable":true,"href":"https:\/\/www.sskborek.cz\/index.php?rest_route=%2Fwp%2Fv2%2Fcomments&post=3898"}],"version-history":[{"count":1,"href":"https:\/\/www.sskborek.cz\/index.php?rest_route=\/wp\/v2\/pages\/3898\/revisions"}],"predecessor-version":[{"id":3903,"href":"https:\/\/www.sskborek.cz\/index.php?rest_route=\/wp\/v2\/pages\/3898\/revisions\/3903"}],"wp:attachment":[{"href":"https:\/\/www.sskborek.cz\/index.php?rest_route=%2Fwp%2Fv2%2Fmedia&parent=3898"}],"curies":[{"name":"wp","href":"https:\/\/api.w.org\/{rel}","templated":true}]}}