{"id":3885,"date":"2025-09-26T21:45:44","date_gmt":"2025-09-26T19:45:44","guid":{"rendered":"https:\/\/www.sskborek.cz\/?page_id=3885"},"modified":"2025-09-26T21:45:44","modified_gmt":"2025-09-26T19:45:44","slug":"jihocesky-kapr-53-rocnik","status":"publish","type":"page","link":"https:\/\/www.sskborek.cz\/?page_id=3885","title":{"rendered":"Jiho\u010desk\u00fd kapr 53 ro\u010dn\u00edk"},"content":{"rendered":"\n<div class=\"wp-block-file\"><object class=\"wp-block-file__embed\" data=\"https:\/\/www.sskborek.cz\/wp-content\/uploads\/Jihocesky-kapr-53.-rocnik-8-11-2025.pdf\" type=\"application\/pdf\" style=\"width:100%;height:600px\" aria-label=\"Vlo\u017eit z Jihocesky-kapr-53.-rocnik-8-11-2025.\"><\/object><a id=\"wp-block-file--media-be61e96b-4ca7-4171-a9e2-d528ccd9ef8e\" href=\"https:\/\/www.sskborek.cz\/wp-content\/uploads\/Jihocesky-kapr-53.-rocnik-8-11-2025.pdf\">Jihocesky-kapr-53.-rocnik-8-11-2025<\/a><a href=\"https:\/\/www.sskborek.cz\/wp-content\/uploads\/Jihocesky-kapr-53.-rocnik-8-11-2025.pdf\" class=\"wp-block-file__button wp-element-button\" download aria-describedby=\"wp-block-file--media-be61e96b-4ca7-4171-a9e2-d528ccd9ef8e\">St\u00e1hnout<\/a><\/div>\n","protected":false},"excerpt":{"rendered":"","protected":false},"author":1,"featured_media":0,"parent":0,"menu_order":0,"comment_status":"closed","ping_status":"closed","template":"","meta":[],"_links":{"self":[{"href":"https:\/\/www.sskborek.cz\/index.php?rest_route=\/wp\/v2\/pages\/3885"}],"collection":[{"href":"https:\/\/www.sskborek.cz\/index.php?rest_route=\/wp\/v2\/pages"}],"about":[{"href":"https:\/\/www.sskborek.cz\/index.php?rest_route=\/wp\/v2\/types\/page"}],"author":[{"embeddable":true,"href":"https:\/\/www.sskborek.cz\/index.php?rest_route=\/wp\/v2\/users\/1"}],"replies":[{"embeddable":true,"href":"https:\/\/www.sskborek.cz\/index.php?rest_route=%2Fwp%2Fv2%2Fcomments&post=3885"}],"version-history":[{"count":1,"href":"https:\/\/www.sskborek.cz\/index.php?rest_route=\/wp\/v2\/pages\/3885\/revisions"}],"predecessor-version":[{"id":3887,"href":"https:\/\/www.sskborek.cz\/index.php?rest_route=\/wp\/v2\/pages\/3885\/revisions\/3887"}],"wp:attachment":[{"href":"https:\/\/www.sskborek.cz\/index.php?rest_route=%2Fwp%2Fv2%2Fmedia&parent=3885"}],"curies":[{"name":"wp","href":"https:\/\/api.w.org\/{rel}","templated":true}]}}