{"id":3759,"date":"2023-09-23T16:51:10","date_gmt":"2023-09-23T14:51:10","guid":{"rendered":"https:\/\/www.sskborek.cz\/?page_id=3759"},"modified":"2023-09-23T16:59:27","modified_gmt":"2023-09-23T14:59:27","slug":"zapis-z-clenske-schuze-20-9-2023","status":"publish","type":"page","link":"https:\/\/www.sskborek.cz\/?page_id=3759","title":{"rendered":"Z\u00e1pis z \u010dlensk\u00e9 sch\u016fze 20.9.2023"},"content":{"rendered":"\n<div class=\"wp-block-file\"><object class=\"wp-block-file__embed\" data=\"https:\/\/www.sskborek.cz\/wp-content\/uploads\/Zapis-z-clenske-schuze-SSK-Borek-20.9.2023.pdf\" type=\"application\/pdf\" style=\"width:100%;height:600px\" aria-label=\"Vlo\u017eit z Zapis-z-clenske-schuze-SSK-Borek-20.9.2023.\"><\/object><a id=\"wp-block-file--media-043d0b3b-80e5-41bb-90e0-41965b67a891\" href=\"https:\/\/www.sskborek.cz\/wp-content\/uploads\/Zapis-z-clenske-schuze-SSK-Borek-20.9.2023.pdf\">Zapis-z-clenske-schuze-SSK-Borek-20.9.2023<\/a><a href=\"https:\/\/www.sskborek.cz\/wp-content\/uploads\/Zapis-z-clenske-schuze-SSK-Borek-20.9.2023.pdf\" class=\"wp-block-file__button wp-element-button\" download aria-describedby=\"wp-block-file--media-043d0b3b-80e5-41bb-90e0-41965b67a891\">St\u00e1hnout<\/a><\/div>\n","protected":false},"excerpt":{"rendered":"","protected":false},"author":1,"featured_media":0,"parent":24,"menu_order":1,"comment_status":"closed","ping_status":"closed","template":"","meta":[],"_links":{"self":[{"href":"https:\/\/www.sskborek.cz\/index.php?rest_route=\/wp\/v2\/pages\/3759"}],"collection":[{"href":"https:\/\/www.sskborek.cz\/index.php?rest_route=\/wp\/v2\/pages"}],"about":[{"href":"https:\/\/www.sskborek.cz\/index.php?rest_route=\/wp\/v2\/types\/page"}],"author":[{"embeddable":true,"href":"https:\/\/www.sskborek.cz\/index.php?rest_route=\/wp\/v2\/users\/1"}],"replies":[{"embeddable":true,"href":"https:\/\/www.sskborek.cz\/index.php?rest_route=%2Fwp%2Fv2%2Fcomments&post=3759"}],"version-history":[{"count":1,"href":"https:\/\/www.sskborek.cz\/index.php?rest_route=\/wp\/v2\/pages\/3759\/revisions"}],"predecessor-version":[{"id":3761,"href":"https:\/\/www.sskborek.cz\/index.php?rest_route=\/wp\/v2\/pages\/3759\/revisions\/3761"}],"up":[{"embeddable":true,"href":"https:\/\/www.sskborek.cz\/index.php?rest_route=\/wp\/v2\/pages\/24"}],"wp:attachment":[{"href":"https:\/\/www.sskborek.cz\/index.php?rest_route=%2Fwp%2Fv2%2Fmedia&parent=3759"}],"curies":[{"name":"wp","href":"https:\/\/api.w.org\/{rel}","templated":true}]}}