{"id":3755,"date":"2023-09-21T18:30:29","date_gmt":"2023-09-21T16:30:29","guid":{"rendered":"https:\/\/www.sskborek.cz\/?page_id=3755"},"modified":"2023-09-21T18:47:58","modified_gmt":"2023-09-21T16:47:58","slug":"zapis-z-clenske-schuze-ssk-borek-7-12-2022","status":"publish","type":"page","link":"https:\/\/www.sskborek.cz\/?page_id=3755","title":{"rendered":"Z\u00e1pis z \u010dlensk\u00e9 sch\u016fze SSK Borek 7.12.2022"},"content":{"rendered":"\n<div class=\"wp-block-file\"><object class=\"wp-block-file__embed\" data=\"https:\/\/www.sskborek.cz\/wp-content\/uploads\/Zapis-z-clenske-schuze-SSK-Borek-7.12.2022-1.pdf\" type=\"application\/pdf\" style=\"width:100%;height:600px\" aria-label=\"Vlo\u017eit z Zapis-z-clenske-schuze-SSK-Borek-7.12.2022-1.\"><\/object><a id=\"wp-block-file--media-37ac4801-89af-44cf-8d9f-450b37f0c8f5\" href=\"https:\/\/www.sskborek.cz\/wp-content\/uploads\/Zapis-z-clenske-schuze-SSK-Borek-7.12.2022-1.pdf\">Zapis-z-clenske-schuze-SSK-Borek-7.12.2022-1<\/a><a href=\"https:\/\/www.sskborek.cz\/wp-content\/uploads\/Zapis-z-clenske-schuze-SSK-Borek-7.12.2022-1.pdf\" class=\"wp-block-file__button wp-element-button\" download aria-describedby=\"wp-block-file--media-37ac4801-89af-44cf-8d9f-450b37f0c8f5\">St\u00e1hnout<\/a><\/div>\n\n\n\n<p><\/p>\n","protected":false},"excerpt":{"rendered":"","protected":false},"author":1,"featured_media":0,"parent":24,"menu_order":8,"comment_status":"closed","ping_status":"closed","template":"","meta":[],"_links":{"self":[{"href":"https:\/\/www.sskborek.cz\/index.php?rest_route=\/wp\/v2\/pages\/3755"}],"collection":[{"href":"https:\/\/www.sskborek.cz\/index.php?rest_route=\/wp\/v2\/pages"}],"about":[{"href":"https:\/\/www.sskborek.cz\/index.php?rest_route=\/wp\/v2\/types\/page"}],"author":[{"embeddable":true,"href":"https:\/\/www.sskborek.cz\/index.php?rest_route=\/wp\/v2\/users\/1"}],"replies":[{"embeddable":true,"href":"https:\/\/www.sskborek.cz\/index.php?rest_route=%2Fwp%2Fv2%2Fcomments&post=3755"}],"version-history":[{"count":2,"href":"https:\/\/www.sskborek.cz\/index.php?rest_route=\/wp\/v2\/pages\/3755\/revisions"}],"predecessor-version":[{"id":3758,"href":"https:\/\/www.sskborek.cz\/index.php?rest_route=\/wp\/v2\/pages\/3755\/revisions\/3758"}],"up":[{"embeddable":true,"href":"https:\/\/www.sskborek.cz\/index.php?rest_route=\/wp\/v2\/pages\/24"}],"wp:attachment":[{"href":"https:\/\/www.sskborek.cz\/index.php?rest_route=%2Fwp%2Fv2%2Fmedia&parent=3755"}],"curies":[{"name":"wp","href":"https:\/\/api.w.org\/{rel}","templated":true}]}}