{"id":3671,"date":"2022-02-13T14:38:18","date_gmt":"2022-02-13T12:38:18","guid":{"rendered":"https:\/\/www.sskborek.cz\/?page_id=3671"},"modified":"2023-09-23T16:54:57","modified_gmt":"2023-09-23T14:54:57","slug":"clenska-schuze-ssk-borek-22-9-2021","status":"publish","type":"page","link":"https:\/\/www.sskborek.cz\/?page_id=3671","title":{"rendered":"\u010clensk\u00e1 sch\u016fze SSK Borek 22.9.2021"},"content":{"rendered":"\n<div class=\"wp-block-file\"><object class=\"wp-block-file__embed\" data=\"https:\/\/www.sskborek.cz\/wp-content\/uploads\/Zapis-z-clenske-schuze-22-09-2021.pdf\" type=\"application\/pdf\" style=\"width:100%;height:600px\" aria-label=\"Vlo\u017eit z Zapis-z-clenske-schuze-22-09-2021.\"><\/object><a id=\"wp-block-file--media-aa180e5e-d3b6-43e0-9f40-5c422cc0565a\" href=\"https:\/\/www.sskborek.cz\/wp-content\/uploads\/Zapis-z-clenske-schuze-22-09-2021.pdf\">Zapis-z-clenske-schuze-22-09-2021<\/a><a href=\"https:\/\/www.sskborek.cz\/wp-content\/uploads\/Zapis-z-clenske-schuze-22-09-2021.pdf\" class=\"wp-block-file__button wp-element-button\" download aria-describedby=\"wp-block-file--media-aa180e5e-d3b6-43e0-9f40-5c422cc0565a\">St\u00e1hnout<\/a><\/div>\n","protected":false},"excerpt":{"rendered":"","protected":false},"author":1,"featured_media":0,"parent":24,"menu_order":2,"comment_status":"closed","ping_status":"closed","template":"","meta":[],"_links":{"self":[{"href":"https:\/\/www.sskborek.cz\/index.php?rest_route=\/wp\/v2\/pages\/3671"}],"collection":[{"href":"https:\/\/www.sskborek.cz\/index.php?rest_route=\/wp\/v2\/pages"}],"about":[{"href":"https:\/\/www.sskborek.cz\/index.php?rest_route=\/wp\/v2\/types\/page"}],"author":[{"embeddable":true,"href":"https:\/\/www.sskborek.cz\/index.php?rest_route=\/wp\/v2\/users\/1"}],"replies":[{"embeddable":true,"href":"https:\/\/www.sskborek.cz\/index.php?rest_route=%2Fwp%2Fv2%2Fcomments&post=3671"}],"version-history":[{"count":3,"href":"https:\/\/www.sskborek.cz\/index.php?rest_route=\/wp\/v2\/pages\/3671\/revisions"}],"predecessor-version":[{"id":3762,"href":"https:\/\/www.sskborek.cz\/index.php?rest_route=\/wp\/v2\/pages\/3671\/revisions\/3762"}],"up":[{"embeddable":true,"href":"https:\/\/www.sskborek.cz\/index.php?rest_route=\/wp\/v2\/pages\/24"}],"wp:attachment":[{"href":"https:\/\/www.sskborek.cz\/index.php?rest_route=%2Fwp%2Fv2%2Fmedia&parent=3671"}],"curies":[{"name":"wp","href":"https:\/\/api.w.org\/{rel}","templated":true}]}}