{"id":3203,"date":"2020-06-05T19:36:40","date_gmt":"2020-06-05T18:36:40","guid":{"rendered":"https:\/\/www.sskborek.cz\/?page_id=3203"},"modified":"2020-06-05T19:57:41","modified_gmt":"2020-06-05T18:57:41","slug":"balisticka-zprava-strelnice-200","status":"publish","type":"page","link":"https:\/\/www.sskborek.cz\/?page_id=3203","title":{"rendered":"Balistick\u00e1 zpr\u00e1va st\u0159elnice 200"},"content":{"rendered":"\n<div class=\"wp-block-file\"><a href=\"https:\/\/www.sskborek.cz\/wp-content\/uploads\/Znalecky-posudek-strelnice-200-m-1.pdf\">Znalecky-posudek-strelnice-200-m-1<\/a><a href=\"https:\/\/www.sskborek.cz\/wp-content\/uploads\/Znalecky-posudek-strelnice-200-m-1.pdf\" class=\"wp-block-file__button\" download><\/a><\/div>\n\n\n\n<p><\/p>\n","protected":false},"excerpt":{"rendered":"","protected":false},"author":1,"featured_media":0,"parent":24,"menu_order":1,"comment_status":"closed","ping_status":"closed","template":"","meta":[],"_links":{"self":[{"href":"https:\/\/www.sskborek.cz\/index.php?rest_route=\/wp\/v2\/pages\/3203"}],"collection":[{"href":"https:\/\/www.sskborek.cz\/index.php?rest_route=\/wp\/v2\/pages"}],"about":[{"href":"https:\/\/www.sskborek.cz\/index.php?rest_route=\/wp\/v2\/types\/page"}],"author":[{"embeddable":true,"href":"https:\/\/www.sskborek.cz\/index.php?rest_route=\/wp\/v2\/users\/1"}],"replies":[{"embeddable":true,"href":"https:\/\/www.sskborek.cz\/index.php?rest_route=%2Fwp%2Fv2%2Fcomments&post=3203"}],"version-history":[{"count":6,"href":"https:\/\/www.sskborek.cz\/index.php?rest_route=\/wp\/v2\/pages\/3203\/revisions"}],"predecessor-version":[{"id":3212,"href":"https:\/\/www.sskborek.cz\/index.php?rest_route=\/wp\/v2\/pages\/3203\/revisions\/3212"}],"up":[{"embeddable":true,"href":"https:\/\/www.sskborek.cz\/index.php?rest_route=\/wp\/v2\/pages\/24"}],"wp:attachment":[{"href":"https:\/\/www.sskborek.cz\/index.php?rest_route=%2Fwp%2Fv2%2Fmedia&parent=3203"}],"curies":[{"name":"wp","href":"https:\/\/api.w.org\/{rel}","templated":true}]}}