{"id":3182,"date":"2020-04-13T09:55:46","date_gmt":"2020-04-13T08:55:46","guid":{"rendered":"https:\/\/www.sskborek.cz\/?page_id=3182"},"modified":"2020-04-26T13:23:28","modified_gmt":"2020-04-26T12:23:28","slug":"zapis-z-clenske-schuze-ssk-borek-2020","status":"publish","type":"page","link":"https:\/\/www.sskborek.cz\/?page_id=3182","title":{"rendered":"Z\u00e1pis z \u010dlensk\u00e9 sch\u016fze SSK Borek 2020"},"content":{"rendered":"\n<div class=\"wp-block-file\"><a href=\"https:\/\/www.sskborek.cz\/wp-content\/uploads\/Zapis-\u010cS-SSK-Borek-2020.pdf\">Zapis-\u010cS-SSK-Borek-2020<\/a><a href=\"https:\/\/www.sskborek.cz\/wp-content\/uploads\/Zapis-\u010cS-SSK-Borek-2020.pdf\" class=\"wp-block-file__button\" download>St\u00e1<br \/>hnout<\/a><\/div>\n","protected":false},"excerpt":{"rendered":"","protected":false},"author":1,"featured_media":0,"parent":24,"menu_order":10,"comment_status":"closed","ping_status":"closed","template":"","meta":[],"_links":{"self":[{"href":"https:\/\/www.sskborek.cz\/index.php?rest_route=\/wp\/v2\/pages\/3182"}],"collection":[{"href":"https:\/\/www.sskborek.cz\/index.php?rest_route=\/wp\/v2\/pages"}],"about":[{"href":"https:\/\/www.sskborek.cz\/index.php?rest_route=\/wp\/v2\/types\/page"}],"author":[{"embeddable":true,"href":"https:\/\/www.sskborek.cz\/index.php?rest_route=\/wp\/v2\/users\/1"}],"replies":[{"embeddable":true,"href":"https:\/\/www.sskborek.cz\/index.php?rest_route=%2Fwp%2Fv2%2Fcomments&post=3182"}],"version-history":[{"count":1,"href":"https:\/\/www.sskborek.cz\/index.php?rest_route=\/wp\/v2\/pages\/3182\/revisions"}],"predecessor-version":[{"id":3184,"href":"https:\/\/www.sskborek.cz\/index.php?rest_route=\/wp\/v2\/pages\/3182\/revisions\/3184"}],"up":[{"embeddable":true,"href":"https:\/\/www.sskborek.cz\/index.php?rest_route=\/wp\/v2\/pages\/24"}],"wp:attachment":[{"href":"https:\/\/www.sskborek.cz\/index.php?rest_route=%2Fwp%2Fv2%2Fmedia&parent=3182"}],"curies":[{"name":"wp","href":"https:\/\/api.w.org\/{rel}","templated":true}]}}