{"id":3156,"date":"2020-01-11T17:55:17","date_gmt":"2020-01-11T16:55:17","guid":{"rendered":"https:\/\/www.sskborek.cz\/?page_id=3156"},"modified":"2021-03-05T21:35:50","modified_gmt":"2021-03-05T20:35:50","slug":"novorocni-strileni-2020","status":"publish","type":"page","link":"https:\/\/www.sskborek.cz\/?page_id=3156","title":{"rendered":"Novoro\u010dn\u00ed st\u0159\u00edlen\u00ed 2020"},"content":{"rendered":"\n<figure class=\"wp-block-gallery columns-1 is-cropped wp-block-gallery-1 is-layout-flex\"><ul class=\"blocks-gallery-grid\"><li class=\"blocks-gallery-item\"><figure><img decoding=\"async\" loading=\"lazy\" width=\"1024\" height=\"613\" src=\"https:\/\/www.sskborek.cz\/wp-content\/uploads\/2020-01-01-1024x613.jpg\" alt=\"\" data-id=\"3154\" data-full-url=\"https:\/\/www.sskborek.cz\/wp-content\/uploads\/2020-01-01-scaled.jpg\" data-link=\"https:\/\/www.sskborek.cz\/?attachment_id=3154\" class=\"wp-image-3154\" srcset=\"https:\/\/www.sskborek.cz\/wp-content\/uploads\/2020-01-01-1024x613.jpg 1024w, https:\/\/www.sskborek.cz\/wp-content\/uploads\/2020-01-01-300x180.jpg 300w, https:\/\/www.sskborek.cz\/wp-content\/uploads\/2020-01-01-768x460.jpg 768w, https:\/\/www.sskborek.cz\/wp-content\/uploads\/2020-01-01-1536x920.jpg 1536w, https:\/\/www.sskborek.cz\/wp-content\/uploads\/2020-01-01-2048x1226.jpg 2048w\" sizes=\"(max-width: 1024px) 100vw, 1024px\" \/><figcaption class=\"blocks-gallery-item__caption\">1.1.2020 Novoro\u010dn\u00ed st\u0159\u00edlen\u00ed<\/figcaption><\/figure><\/li><\/ul><\/figure>\n","protected":false},"excerpt":{"rendered":"","protected":false},"author":1,"featured_media":0,"parent":1432,"menu_order":1,"comment_status":"closed","ping_status":"closed","template":"","meta":[],"_links":{"self":[{"href":"https:\/\/www.sskborek.cz\/index.php?rest_route=\/wp\/v2\/pages\/3156"}],"collection":[{"href":"https:\/\/www.sskborek.cz\/index.php?rest_route=\/wp\/v2\/pages"}],"about":[{"href":"https:\/\/www.sskborek.cz\/index.php?rest_route=\/wp\/v2\/types\/page"}],"author":[{"embeddable":true,"href":"https:\/\/www.sskborek.cz\/index.php?rest_route=\/wp\/v2\/users\/1"}],"replies":[{"embeddable":true,"href":"https:\/\/www.sskborek.cz\/index.php?rest_route=%2Fwp%2Fv2%2Fcomments&post=3156"}],"version-history":[{"count":1,"href":"https:\/\/www.sskborek.cz\/index.php?rest_route=\/wp\/v2\/pages\/3156\/revisions"}],"predecessor-version":[{"id":3157,"href":"https:\/\/www.sskborek.cz\/index.php?rest_route=\/wp\/v2\/pages\/3156\/revisions\/3157"}],"up":[{"embeddable":true,"href":"https:\/\/www.sskborek.cz\/index.php?rest_route=\/wp\/v2\/pages\/1432"}],"wp:attachment":[{"href":"https:\/\/www.sskborek.cz\/index.php?rest_route=%2Fwp%2Fv2%2Fmedia&parent=3156"}],"curies":[{"name":"wp","href":"https:\/\/api.w.org\/{rel}","templated":true}]}}