{"id":2905,"date":"2019-07-27T09:39:02","date_gmt":"2019-07-27T08:39:02","guid":{"rendered":"http:\/\/www.sskborek.cz\/?page_id=2905"},"modified":"2019-07-27T09:39:02","modified_gmt":"2019-07-27T08:39:02","slug":"zapis-z-clenske-schuze-23-1-2019","status":"publish","type":"page","link":"https:\/\/www.sskborek.cz\/?page_id=2905","title":{"rendered":"Z\u00e1pis z \u010dlensk\u00e9 sch\u016fze 23.1.2019"},"content":{"rendered":"<p><a href=\"http:\/\/www.sskborek.cz\/wp-content\/uploads\/Za\u0301pis_SSK_Borek_2019.pdf\">Za\u0301pis_SSK_Borek_2019<\/a><\/p>\n","protected":false},"excerpt":{"rendered":"<p>Za\u0301pis_SSK_Borek_2019<\/p>\n","protected":false},"author":1,"featured_media":0,"parent":24,"menu_order":0,"comment_status":"closed","ping_status":"closed","template":"","meta":[],"_links":{"self":[{"href":"https:\/\/www.sskborek.cz\/index.php?rest_route=\/wp\/v2\/pages\/2905"}],"collection":[{"href":"https:\/\/www.sskborek.cz\/index.php?rest_route=\/wp\/v2\/pages"}],"about":[{"href":"https:\/\/www.sskborek.cz\/index.php?rest_route=\/wp\/v2\/types\/page"}],"author":[{"embeddable":true,"href":"https:\/\/www.sskborek.cz\/index.php?rest_route=\/wp\/v2\/users\/1"}],"replies":[{"embeddable":true,"href":"https:\/\/www.sskborek.cz\/index.php?rest_route=%2Fwp%2Fv2%2Fcomments&post=2905"}],"version-history":[{"count":1,"href":"https:\/\/www.sskborek.cz\/index.php?rest_route=\/wp\/v2\/pages\/2905\/revisions"}],"predecessor-version":[{"id":2907,"href":"https:\/\/www.sskborek.cz\/index.php?rest_route=\/wp\/v2\/pages\/2905\/revisions\/2907"}],"up":[{"embeddable":true,"href":"https:\/\/www.sskborek.cz\/index.php?rest_route=\/wp\/v2\/pages\/24"}],"wp:attachment":[{"href":"https:\/\/www.sskborek.cz\/index.php?rest_route=%2Fwp%2Fv2%2Fmedia&parent=2905"}],"curies":[{"name":"wp","href":"https:\/\/api.w.org\/{rel}","templated":true}]}}