{"id":2817,"date":"2018-04-05T20:33:41","date_gmt":"2018-04-05T19:33:41","guid":{"rendered":"http:\/\/www.sskborek.cz\/?page_id=2817"},"modified":"2018-04-05T20:38:03","modified_gmt":"2018-04-05T19:38:03","slug":"zapis-z-clenske-schuze-ssk-borek-17-1-2018","status":"publish","type":"page","link":"https:\/\/www.sskborek.cz\/?page_id=2817","title":{"rendered":"Z\u00e1pis z \u010dlensk\u00e9 sch\u016fze SSK Borek 17.1.2018"},"content":{"rendered":"<p><a href=\"http:\/\/www.sskborek.cz\/wp-content\/uploads\/zapis-z-clenske-schuze-SSK-Borek-17.1.2018.pdf\">zapis z clenske schuze SSK Borek 17.1.2018<\/a><\/p>\n","protected":false},"excerpt":{"rendered":"<p>zapis z clenske schuze SSK Borek 17.1.2018<\/p>\n","protected":false},"author":1,"featured_media":0,"parent":24,"menu_order":0,"comment_status":"closed","ping_status":"closed","template":"","meta":[],"_links":{"self":[{"href":"https:\/\/www.sskborek.cz\/index.php?rest_route=\/wp\/v2\/pages\/2817"}],"collection":[{"href":"https:\/\/www.sskborek.cz\/index.php?rest_route=\/wp\/v2\/pages"}],"about":[{"href":"https:\/\/www.sskborek.cz\/index.php?rest_route=\/wp\/v2\/types\/page"}],"author":[{"embeddable":true,"href":"https:\/\/www.sskborek.cz\/index.php?rest_route=\/wp\/v2\/users\/1"}],"replies":[{"embeddable":true,"href":"https:\/\/www.sskborek.cz\/index.php?rest_route=%2Fwp%2Fv2%2Fcomments&post=2817"}],"version-history":[{"count":2,"href":"https:\/\/www.sskborek.cz\/index.php?rest_route=\/wp\/v2\/pages\/2817\/revisions"}],"predecessor-version":[{"id":2820,"href":"https:\/\/www.sskborek.cz\/index.php?rest_route=\/wp\/v2\/pages\/2817\/revisions\/2820"}],"up":[{"embeddable":true,"href":"https:\/\/www.sskborek.cz\/index.php?rest_route=\/wp\/v2\/pages\/24"}],"wp:attachment":[{"href":"https:\/\/www.sskborek.cz\/index.php?rest_route=%2Fwp%2Fv2%2Fmedia&parent=2817"}],"curies":[{"name":"wp","href":"https:\/\/api.w.org\/{rel}","templated":true}]}}