{"id":2733,"date":"2017-02-07T21:41:46","date_gmt":"2017-02-07T20:41:46","guid":{"rendered":"http:\/\/www.sskborek.cz\/?page_id=2733"},"modified":"2019-01-12T15:41:55","modified_gmt":"2019-01-12T14:41:55","slug":"zapis-z-clenske-schuze-11-1-2017","status":"publish","type":"page","link":"https:\/\/www.sskborek.cz\/?page_id=2733","title":{"rendered":"Z\u00e1pis z \u010dlensk\u00e9 sch\u016fze 11.1.2017"},"content":{"rendered":"<p><a href=\"http:\/\/www.sskborek.cz\/?attachment_id=2734\" rel=\"attachment wp-att-2734\">Zapis_z_clenske_schuze_11.1.2017<\/a><\/p>\n","protected":false},"excerpt":{"rendered":"<p>Zapis_z_clenske_schuze_11.1.2017<\/p>\n","protected":false},"author":1,"featured_media":0,"parent":1432,"menu_order":0,"comment_status":"closed","ping_status":"closed","template":"","meta":[],"_links":{"self":[{"href":"https:\/\/www.sskborek.cz\/index.php?rest_route=\/wp\/v2\/pages\/2733"}],"collection":[{"href":"https:\/\/www.sskborek.cz\/index.php?rest_route=\/wp\/v2\/pages"}],"about":[{"href":"https:\/\/www.sskborek.cz\/index.php?rest_route=\/wp\/v2\/types\/page"}],"author":[{"embeddable":true,"href":"https:\/\/www.sskborek.cz\/index.php?rest_route=\/wp\/v2\/users\/1"}],"replies":[{"embeddable":true,"href":"https:\/\/www.sskborek.cz\/index.php?rest_route=%2Fwp%2Fv2%2Fcomments&post=2733"}],"version-history":[{"count":1,"href":"https:\/\/www.sskborek.cz\/index.php?rest_route=\/wp\/v2\/pages\/2733\/revisions"}],"predecessor-version":[{"id":2735,"href":"https:\/\/www.sskborek.cz\/index.php?rest_route=\/wp\/v2\/pages\/2733\/revisions\/2735"}],"up":[{"embeddable":true,"href":"https:\/\/www.sskborek.cz\/index.php?rest_route=\/wp\/v2\/pages\/1432"}],"wp:attachment":[{"href":"https:\/\/www.sskborek.cz\/index.php?rest_route=%2Fwp%2Fv2%2Fmedia&parent=2733"}],"curies":[{"name":"wp","href":"https:\/\/api.w.org\/{rel}","templated":true}]}}