{"id":2489,"date":"2016-01-01T21:13:42","date_gmt":"2016-01-01T20:13:42","guid":{"rendered":"http:\/\/www.sskborek.cz\/?page_id=2489"},"modified":"2016-01-01T21:13:42","modified_gmt":"2016-01-01T20:13:42","slug":"novorocni-strileni-2016","status":"publish","type":"page","link":"https:\/\/www.sskborek.cz\/?page_id=2489","title":{"rendered":"Novoro\u010dn\u00ed st\u0159\u00edlen\u00ed 2016"},"content":{"rendered":"<p><a href=\"http:\/\/www.sskborek.cz\/wp-content\/uploads\/klubove-strileni-2016-01-01-v1.jpg\"><img decoding=\"async\" loading=\"lazy\" class=\"aligncenter size-large wp-image-2490\" src=\"http:\/\/www.sskborek.cz\/wp-content\/uploads\/klubove-strileni-2016-01-01-v1-1024x587.jpg\" alt=\"klubove strileni 2016 01 01 v1\" width=\"640\" height=\"367\" srcset=\"https:\/\/www.sskborek.cz\/wp-content\/uploads\/klubove-strileni-2016-01-01-v1-1024x587.jpg 1024w, https:\/\/www.sskborek.cz\/wp-content\/uploads\/klubove-strileni-2016-01-01-v1-300x172.jpg 300w\" sizes=\"(max-width: 640px) 100vw, 640px\" \/><\/a><\/p>\n","protected":false},"excerpt":{"rendered":"","protected":false},"author":1,"featured_media":0,"parent":71,"menu_order":0,"comment_status":"closed","ping_status":"closed","template":"","meta":[],"_links":{"self":[{"href":"https:\/\/www.sskborek.cz\/index.php?rest_route=\/wp\/v2\/pages\/2489"}],"collection":[{"href":"https:\/\/www.sskborek.cz\/index.php?rest_route=\/wp\/v2\/pages"}],"about":[{"href":"https:\/\/www.sskborek.cz\/index.php?rest_route=\/wp\/v2\/types\/page"}],"author":[{"embeddable":true,"href":"https:\/\/www.sskborek.cz\/index.php?rest_route=\/wp\/v2\/users\/1"}],"replies":[{"embeddable":true,"href":"https:\/\/www.sskborek.cz\/index.php?rest_route=%2Fwp%2Fv2%2Fcomments&post=2489"}],"version-history":[{"count":1,"href":"https:\/\/www.sskborek.cz\/index.php?rest_route=\/wp\/v2\/pages\/2489\/revisions"}],"predecessor-version":[{"id":2491,"href":"https:\/\/www.sskborek.cz\/index.php?rest_route=\/wp\/v2\/pages\/2489\/revisions\/2491"}],"up":[{"embeddable":true,"href":"https:\/\/www.sskborek.cz\/index.php?rest_route=\/wp\/v2\/pages\/71"}],"wp:attachment":[{"href":"https:\/\/www.sskborek.cz\/index.php?rest_route=%2Fwp%2Fv2%2Fmedia&parent=2489"}],"curies":[{"name":"wp","href":"https:\/\/api.w.org\/{rel}","templated":true}]}}