{"id":2077,"date":"2015-01-02T11:32:25","date_gmt":"2015-01-02T10:32:25","guid":{"rendered":"http:\/\/www.sskborek.cz\/?page_id=2077"},"modified":"2021-11-04T00:24:52","modified_gmt":"2021-11-03T22:24:52","slug":"archiv-uvodni-stranky","status":"publish","type":"page","link":"https:\/\/www.sskborek.cz\/?page_id=2077","title":{"rendered":"Archiv \u00favodn\u00ed str\u00e1nky"},"content":{"rendered":"<p>Dnes v sobotu 11.9.2021 se konalo 5. kolo Boreck\u00e9ho poh\u00e1ru 2021. <a href=\"https:\/\/www.sskborek.cz\/?page_id=3615\">Zde<\/a> jsou v\u00fdsledky kola a tak\u00e9 celkov\u00e9 v\u00fdsledky. V\u0161em st\u0159elc\u016fm a organiz\u00e1tor\u016f Boreck\u00e9ho poh\u00e1ru moc d\u011bkuji a t\u011b\u0161\u00edm se na Boreck\u00fd poh\u00e1r 2022.<\/p>\n<p>Boreck\u00fd poh\u00e1r se dostal do sv\u00e9ho 4. kola <a href=\"https:\/\/www.sskborek.cz\/?page_id=3596\">zde<\/a> jsou jeho v\u00fdsledky.<\/p>\n<p>Dnes se st\u0159\u00edlel Boreck\u00fd poh\u00e1r 3. kolo. <a href=\"https:\/\/www.sskborek.cz\/?page_id=3583\">Zde<\/a> jsou v\u00fdsledky tohoto kola a tak\u00e9 pr\u016fb\u011b\u017en\u00e9 v\u00fdsledky.<\/p>\n<p>Dnes, v sobotu 19.6.2021 se konalo 2 kolo Boreck\u00e9ho poh\u00e1ru 2021. <a href=\"https:\/\/www.sskborek.cz\/?page_id=3577\">Zde<\/a> jsou v\u00fdsledky.<\/p>\n<p>Byl upraven kalend\u00e1\u0159 sportovn\u00edch <a href=\"https:\/\/www.sskborek.cz\/?page_id=3288\">akc\u00ed<\/a> pro rok 2021. Byly dopln\u011bny z\u00e1vody PPC 1500.<\/p>\n<p>V sobotu 29.5.2021 se konalo 2. kolo Boreck\u00e9ho poh\u00e1ru 2021. V\u00fdsledky jsou <a href=\"https:\/\/www.sskborek.cz\/?page_id=3326\">zde<\/a>. Prvn\u00ed odlo\u017een\u00e9 kolo se bude konat 19.6.2021. V\u0161echny z\u00e1jemce o &#8222;sportku&#8220; srde\u010dn\u011b zveme.<br \/>\nV souvislosti se zm\u011bnou vl\u00e1dn\u00edch opat\u0159en\u00ed doch\u00e1z\u00ed ke zm\u011bn\u00e1m v kalend\u00e1\u0159i sportovn\u00edch akc\u00ed, kter\u00e9 po\u0159\u00e1d\u00e1me, nebo jsou na na\u0161\u00ed st\u0159elnici. Upraven\u00fd kalend\u00e1\u0159 je <a href=\"https:\/\/www.sskborek.cz\/?page_id=3288\">zde<\/a>.<\/p>\n<p>Byl upraven kalend\u00e1\u0159 sportovn\u00edch akci, do kter\u00e9ho jsme vlo\u017eili 2. kolo \u010cesk\u00e9ho poh\u00e1ru ml\u00e1de\u017ee. Kalend\u00e1\u0159 <a href=\"https:\/\/www.sskborek.cz\/?page_id=3288\">zde<\/a>.<\/p>\n<p>S ohledem na p\u0159etrv\u00e1vaj\u00edc\u00ed omezen\u00ed ve shroma\u017e\u010fov\u00e1n\u00ed osob ze strany vl\u00e1dy \u010cR, p\u0159ekl\u00e1d\u00e1me 1. kolo Boreck\u00e9ho poh\u00e1ru na pozd\u011bj\u0161\u00ed, vhodn\u00fd term\u00edn. O nov\u00e9m term\u00ednu budete v\u010das informov\u00e1ni.<\/p>\n<p>Byl p\u0159ilo\u017een aktualizovan\u00fd kalend\u00e1\u0159 sportovn\u00edch akc\u00ed. <a href=\"https:\/\/www.sskborek.cz\/?page_id=3288\">Zde<\/a>.<\/p>\n<p>Dobr\u00fd podve\u010der, s ohledem na vyhl\u00e1\u0161en\u00ed vl\u00e1dy \u010cR, kter\u00e1 op\u011bt omezila shroma\u017e\u010fov\u00e1n\u00ed na tak mal\u00fd po\u010det, \u017ee pl\u00e1novan\u00fd z\u00e1vod Jiho\u010desk\u00e9ho poh\u00e1ru MAO jsme museli odlo\u017eit na vhodn\u011bj\u0161\u00ed term\u00edn, kter\u00fd bude v\u010das ozn\u00e1men. D\u011bkujeme za pochopen\u00ed a v\u011b\u0159\u00edme, \u017ee se sejdeme v lep\u0161\u00edch \u010dasech.<\/p>\n<p>Dnes byl upraven kalend\u00e1\u0159 sportovn\u00edch akc\u00ed 2021 na boreck\u00e9 st\u0159elnici. <a href=\"https:\/\/www.sskborek.cz\/?page_id=3288\">Zde<\/a>.<\/p>\n<p>Dobr\u00fd den, stav s COVID-19 se hodn\u011b pomalu uklid\u0148uje a tak je \u0161ance, \u017ee se zase za\u010dnou st\u0159\u00edlet pl\u00e1novan\u00e9 z\u00e1vody. Tak pros\u00edm sledujte na\u0161e str\u00e1nky a kalend\u00e1\u0159 sportovn\u00edch akc\u00ed. O pl\u00e1novan\u00fdch z\u00e1vodech v\u00e1s budeme informovat. P\u0159eji v\u00e1m v\u0161em hodn\u011b zdrav\u00ed.<\/p>\n<p>V\u00e1\u017en\u00fd stav v epidemii s COVID-19 nepolevuje a tak mus\u00edme v\u0161echny pl\u00e1novan\u00e9 z\u00e1vody do odvol\u00e1n\u00ed zru\u0161it. D\u011bkuji za pochopen\u00ed a v\u011b\u0159\u00edm, \u017ee se co nejd\u0159\u00edve na z\u00e1vodech sejdeme.<\/p>\n<p>V\u00e1\u017een\u00ed st\u0159elci, s ohledem na skute\u010dnost, \u017ee omezen\u00ed po\u010dtu \u00fa\u010dastn\u00edk\u016f sportovn\u00edch akci je st\u00e1le podle stupn\u011b\u00a0 PES 5 s tendenci na stupe\u0148 4, mus\u00edme term\u00edn pu\u0161kov\u00e9ho z\u00e1vodu, kter\u00fd se m\u011bl konat 23.1.2021,\u00a0 p\u0159esunout na pozd\u011bj\u0161\u00ed term\u00edn. O nov\u00e9m term\u00ednu v\u00e1s budu informovat.<\/p>\n<p>V\u00e1\u017een\u00ed p\u0159\u00e1tel\u00e9 sportovn\u00ed st\u0159elby, dnes t.j. 01.01.2021 byla za velmi p\u0159\u00edsn\u00fdch epidemiologick\u00fdch opat\u0159en\u00ed a s omezen\u00fdm po\u010dtem \u010dlen\u016f ve venkovn\u00edm prostoru- sportovi\u0161ti, zah\u00e1jena st\u0159eleck\u00e1 sezona 2021.<a href=\"https:\/\/www.sskborek.cz\/?page_id=3250\"> Zde<\/a> najdete n\u00e1vrh kalend\u00e1\u0159e st\u0159eleck\u00fdch z\u00e1vod\u016f. Je mo\u017en\u00e9, \u017ee n\u011bkter\u00e9 z\u00e1vody budou muset b\u00fdt zru\u0161eny, ale to ozn\u00e1m\u00edme podle situace v\u010das.\u00a0 P\u0159eji v\u00e1m v\u0161em hodn\u011b zdrav\u00ed.<\/p>\n<p>V\u0161em p\u0159\u00e1tel\u016fm sportovn\u00ed st\u0159elby p\u0159eji zdrav\u00ed, \u0161t\u011bst\u00ed a sportovn\u00ed \u00fasp\u011bch. Douf\u00e1m, \u017ee se v roce 2021 potk\u00e1me na st\u0159eleck\u00fdch z\u00e1vodech co nej\u010dast\u011bji.<\/p>\n<p>V\u00e1\u017een\u00ed p\u0159\u00e1tel\u00e9 sportovn\u00ed st\u0159elby, situace s Covid-19 je slo\u017eit\u00e1, ale p\u0159esto \u010dinnost na st\u0159elnici v omezen\u00e9 m\u00ed\u0159e funguje. Na\u0161e str\u00e1nky se v minul\u00fdch dnech staly ter\u010dem n\u011bjak\u00fdch hacker\u016f. Situace se zat\u00edm stabilizovala a prob\u00edh\u00e1 kontrola ji\u017e zve\u0159ejn\u011bn\u00fdch p\u0159\u00edsp\u011bvk\u016f.<\/p>\n<p>P\u0159eji V\u00e1m v\u0161em hodn\u011b zdrav\u00ed a \u017e\u00e1dn\u00e9 viry.<\/p>\n<p><a href=\"https:\/\/www.sskborek.cz\/?page_id=3156\">Novoro\u010dn\u00ed st\u0159\u00edlen\u00ed 2020<\/a><\/p>\n<p><span style=\"color: #ff0000;\">\u010clensk\u00e1 sch\u016fze dne 15. ledna 2020 &#8211; <a style=\"color: #ff0000;\" href=\"http:\/\/www.sskborek.cz\/wp-content\/uploads\/Pozvanka-na-clenskou-sch\u016fzi-2020.pdf\" target=\"_blank\" rel=\"noopener noreferrer\">pozv\u00e1nka<\/a><\/span><\/p>\n<p><a href=\"https:\/\/www.sskborek.cz\/?page_id=3005\">Zde<\/a> jsou v\u00fdsledky 47. ro\u010dn\u00edku z\u00e1vodu Jiho\u010desk\u00fd kapr. V\u0161em z\u00e1vodn\u00edk\u016fm d\u011bkujeme za \u00fa\u010dast a v\u011b\u0159\u00edme, \u017ee se v roce 2020 sejdeme je\u0161t\u011b ve v\u011bt\u0161\u00edm po\u010dtu p\u0159i 48.ro\u010dn\u00edku.<\/p>\n<div id=\"attachment_3010\" style=\"width: 650px\" class=\"wp-caption aligncenter\"><a href=\"http:\/\/www.sskborek.cz\/wp-content\/uploads\/Jihocesky-kapr-vitezove.jpg\"><img aria-describedby=\"caption-attachment-3010\" decoding=\"async\" loading=\"lazy\" class=\"size-large wp-image-3010\" src=\"http:\/\/www.sskborek.cz\/wp-content\/uploads\/Jihocesky-kapr-vitezove-1024x768.jpg\" alt=\"\" width=\"640\" height=\"480\" srcset=\"https:\/\/www.sskborek.cz\/wp-content\/uploads\/Jihocesky-kapr-vitezove-1024x768.jpg 1024w, https:\/\/www.sskborek.cz\/wp-content\/uploads\/Jihocesky-kapr-vitezove-300x225.jpg 300w, https:\/\/www.sskborek.cz\/wp-content\/uploads\/Jihocesky-kapr-vitezove-768x576.jpg 768w\" sizes=\"(max-width: 640px) 100vw, 640px\" \/><\/a><p id=\"caption-attachment-3010\" class=\"wp-caption-text\">dav<\/p><\/div>\n<p>V sobotu 2.11.2019 se kon\u00e1 47.ro\u010dn\u00edk tradi\u010dn\u00edho z\u00e1vodu Jiho\u010desk\u00fd kapr. Propozice z\u00e1vodu jsou <a href=\"https:\/\/www.sskborek.cz\/?page_id=2997\">zde<\/a>. V\u0161ichni, kdo r\u00e1di st\u0159\u00edl\u00edte na v\u011bt\u0161\u00ed vzd\u00e1lenosti, jste zv\u00e1ni.<\/p>\n<p><a href=\"https:\/\/www.sskborek.cz\/?page_id=2942\">Zde<\/a> je upraven\u00fd sportovn\u00ed kalend\u00e1\u0159 na rok 2019.<\/p>\n<p>Minul\u00fd v\u00edkend prob\u011bhlo 4. kolo Boreck\u00e9ho poh\u00e1ru. <a href=\"http:\/\/www.sskborek.cz\/?page_id=2916\">Zde<\/a> jsou jeho v\u00fdsledky a tak\u00e9 v\u00fdsledky pr\u016fb\u011b\u017en\u00e9 po 4 kolech.<\/p>\n<p>Byla provedena zm\u011bna term\u00edn\u016f z\u00e1vod\u016f. Zm\u011bna v kalend\u00e1\u0159i je ozna\u010dena.<\/p>\n<p>V sobotu 9.2.2019 se za kr\u00e1sn\u00e9ho po\u010das\u00ed st\u0159\u00edlelo 1. kolo Jiho\u010desk\u00e9ho poh\u00e1ru VPu 2019. \u00da\u010dast byla v\u00fdborn\u00e1. V\u00fdborn\u00e9 bylo i ob\u010derstven\u00ed \u00a0a tak\u00e9 byly v\u00fdborn\u00e9 v\u00fdsledky. Tak lze hodnotit toto kolo jako \u00fasp\u011b\u0161n\u00e9. V\u0161em st\u0159elc\u016fm d\u011bkujeme za \u00fa\u010dast a d\u011bkujeme v\u0161em, kte\u0159\u00ed z\u00e1vad zaji\u0161\u0165ovali organiza\u010dn\u011b. V\u00fdsledky jsou <a href=\"http:\/\/www.sskborek.cz\/?page_id=2891\">zde<\/a>.<\/p>\n<p>V\u00e1\u017een\u00ed st\u0159elci, v sobotu 9.2.2019 po\u0159\u00e1d\u00e1me 1. kolo Jiho\u010desk\u00e9ho poh\u00e1ru VPu. Propozice jsou <a href=\"http:\/\/www.sskborek.cz\/?page_id=2885\">zde<\/a>. V\u0161ichni, kdo st\u0159\u00edl\u00edte VPu jste zv\u00e1ni. Ob\u010derstven\u00ed je zaji\u0161t\u011bno jako obvykle na vysok\u00e9 \u00farovni.<\/p>\n<p>1.1.2019 byla zah\u00e1jena st\u0159eleck\u00e1 sezona. \u010clenov\u00e9 klubu se se\u0161li na tradi\u010dn\u00ed prvn\u00ed r\u00e1n\u011b. roku. V\u0161em st\u0159elc\u016fm p\u0159ejeme zdrav\u00ed, \u0161t\u011bst\u00ed a spokojenost.<a href=\"http:\/\/www.sskborek.cz\/wp-content\/uploads\/IMG_8736.jpg\"><img decoding=\"async\" loading=\"lazy\" class=\"aligncenter size-large wp-image-2876\" src=\"http:\/\/www.sskborek.cz\/wp-content\/uploads\/IMG_8736-1024x683.jpg\" alt=\"\" width=\"640\" height=\"427\" srcset=\"https:\/\/www.sskborek.cz\/wp-content\/uploads\/IMG_8736-1024x683.jpg 1024w, https:\/\/www.sskborek.cz\/wp-content\/uploads\/IMG_8736-300x200.jpg 300w, https:\/\/www.sskborek.cz\/wp-content\/uploads\/IMG_8736-768x512.jpg 768w\" sizes=\"(max-width: 640px) 100vw, 640px\" \/><\/a><\/p>\n<p style=\"text-align: left;\">Velk\u00e1 cena Borku 2015 prob\u011bhla v p\u0159\u00edjemn\u00e9 atmosf\u00e9\u0159e. <a href=\"http:\/\/www.sskborek.cz\/?page_id=2457\">Zde<\/a> je n\u011bkolik fotek ze z\u00e1vodu a <a href=\"http:\/\/www.sskborek.cz\/?page_id=2472\">zde<\/a> tak\u00e9 jeho v\u00fdsledky. V\u011b\u0159\u00edme, \u017ee p\u0159\u00ed\u0161t\u00ed ro\u010dn\u00edk bude stejn\u011b \u00fasp\u011b\u0161n\u00fd.<\/p>\n<p style=\"text-align: left;\">43. ro\u010dn\u00edk tradi\u010dn\u00edho z\u00e1vodu Jiho\u010desk\u00fd kapr je histori\u00ed. Za kr\u00e1sn\u00e9ho slune\u010dn\u00e9ho po\u010das\u00ed p\u0159inesl v\u00fdborn\u00e9 st\u0159eleck\u00e9 v\u00fdsledky. V\u0161em st\u0159elc\u016fm a organiz\u00e1tor\u016fm d\u011bkujeme a t\u011b\u0161\u00edme se na 44. ro\u010dn\u00edk. V\u00fdsledky jsou <a href=\"http:\/\/www.sskborek.cz\/?page_id=2433\">zde<\/a> a foto <a href=\"http:\/\/www.sskborek.cz\/?page_id=2438\">tam<\/a>.<\/p>\n<p style=\"text-align: left;\">V sobotu 24.10.2015 se st\u0159\u00edl\u00ed 43.ro\u010dn\u00edk Jiho\u010desk\u00fd kapr. Jedn\u00e1 se o tradi\u010dn\u00ed z\u00e1vod ve st\u0159elb\u011b\u00a0 3 x 20 ran velkor\u00e1\u017enou pistol\u00ed na vzd\u00e1lenost 50 m. V\u0161ichni z\u00e1jemci jsou v\u00edt\u00e1ni. Propozice z\u00e1vodu najdete na tomto <a href=\"http:\/\/www.sskborek.cz\/?page_id=2388\">odkazu<\/a>. T\u011b\u0161\u00edme se na va\u0161\u00ed \u00fa\u010dast.<\/p>\n<p style=\"text-align: left;\">V sobotu 10.10.2015 se na st\u0159elnici Borek st\u0159\u00edl\u00ed 56. ro\u010dn\u00edk tradi\u010dn\u00edho z\u00e1vodu Husitsk\u00fd \u0161t\u00edt. V\u0161ichni z\u00e1jemci o sportovn\u00ed st\u0159elbu podle pravidel \u010cSS jste v\u00edt\u00e1ni. Propozice z\u00e1vodu jsou <a href=\"http:\/\/www.sskborek.cz\/?page_id=2381\">zde<\/a>. Sva\u010dinu si br\u00e1t nemus\u00edte, proto\u017ee bude velmi kvalitn\u00ed kant\u00fdna.<\/p>\n<p style=\"text-align: left;\">Za kr\u00e1sn\u00e9ho podzimn\u00edho po\u010das\u00ed se v sobotu st\u0159\u00edlelo 5. kolo Boreck\u00e9ho poh\u00e1ru 2015. V\u00fdsledky tohoto kola a celkov\u00e9 v\u00fdsledky najdete na\u00a0<a href=\"http:\/\/www.sskborek.cz\/?page_id=2370\">zde<\/a> . Foto z vyhl\u00e1\u0161en\u00ed v\u00fdsledk\u016f <a href=\"http:\/\/www.sskborek.cz\/?page_id=2376\">zde<\/a>. Celkov\u00fdm v\u00edt\u011bzem Boreck\u00e9ho poh\u00e1ru 2015 je Franti\u0161ek Kube\u0161.<\/p>\n<p style=\"text-align: left;\">V sobotu 19.9.2015 se st\u0159\u00edl\u00ed posledn\u00ed kolo Boreck\u00e9ho poh\u00e1ru 2015. V\u0161ichni, kdo st\u0159\u00edl\u00edte &#8222;sportku&#8220; jste v\u00edt\u00e1ni. No a kdo jste u\u017e n\u011bjak\u00e9 kolo odst\u0159\u00edleli, m\u00e1te je\u0161t\u011b mo\u017enost \u00a0celkov\u00e9 v\u00fdsledky zm\u011bnit.<\/p>\n<p style=\"text-align: left;\">V\u00fdsledky 4. kola Boreck\u00e9ho poh\u00e1ru 2015 jsou <a href=\"http:\/\/www.sskborek.cz\/?page_id=2362\">zde<\/a>. Tak\u00e9 jsou p\u0159ilo\u017een\u00e9 pr\u016fb\u011b\u017en\u00e9 v\u00fdsledky po 4. kole. Do celkov\u00e9ho v\u00fdsledku Boreck\u00e9ho poh\u00e1ru 2015 se zapo\u010d\u00edt\u00e1vaj\u00ed 3 nejlep\u0161\u00ed dosa\u017een\u00e9 v\u00fdsledky.\u00a0Tak n\u011bkte\u0159\u00ed maj\u00ed je\u0161t\u011b mo\u017enost sv\u00e9 v\u00fdsledky vylep\u0161it na 5. kole, kter\u00e9 se kon\u00e1 19.9.2015.\u00a0\u00a0Tohoto kola se z\u00fa\u010dastnila tak\u00e9 reprezentantka \u010cSS Michaela Musilov\u00e1<\/p>\n<p style=\"text-align: left;\">Druh\u00e9 kolo Boreck\u00e9ho poh\u00e1ru se odst\u0159\u00edlelo a <a href=\"http:\/\/www.sskborek.cz\/?page_id=2356\">zde<\/a> jsou pr\u016fb\u011b\u017en\u00e9 v\u00fdsledky po 2 kolech.<\/p>\n<p style=\"text-align: left;\">V sobotu 27.6.2015 se st\u0159\u00edl\u00ed dal\u0161\u00ed kolo Boreck\u00e9ho poh\u00e1ru, propozice jsou <a href=\"http:\/\/www.sskborek.cz\/?page_id=2189\">zde<\/a><\/p>\n<p style=\"text-align: left;\">Dnes se konal z\u00e1vod Boreck\u00e1 pistole 2015. Jednalo se o velmi p\u011bkn\u00fd z\u00e1vod, p\u011bkn\u00e9 po\u010das\u00ed, dobr\u00e1 kant\u00fdna a vynikaj\u00edc\u00ed st\u0159eleck\u00e9 v\u00fdsledky. V\u0161em st\u0159elc\u016fm d\u011bkujeme za \u00fa\u010dast a t\u011b\u0161\u00edme se na dal\u0161\u00ed z\u00e1vody. Tady jsou <a href=\"http:\/\/www.sskborek.cz\/?page_id=2320\">fotografie<\/a> a <a href=\"http:\/\/www.sskborek.cz\/?page_id=2343\">v\u00fdsledky<\/a>.<\/p>\n<p style=\"text-align: left;\">Ve dnech 30.5. a 31.5 2015 se konalo kolo \u010cesk\u00e9ho poh\u00e1ru talentovan\u00e9 ml\u00e1de\u017ee. Z\u00e1vod se povedl po v\u0161ech str\u00e1nk\u00e1ch. <a href=\"http:\/\/www.sskborek.cz\/?page_id=2256\">Zde<\/a> je p\u00e1r fotek.<\/p>\n<p style=\"text-align: left;\">V sobotu 13.6.2015 se kon\u00e1 na st\u0159elnici SSK Borek pistolov\u00fd z\u00e1vod. Propozice <a title=\"Pistolov\u00fd z\u00e1vod 2015\" href=\"http:\/\/www.sskborek.cz\/?page_id=2249\">zde<\/a>. V\u0161ichni z\u00e1jemci o st\u0159elbu pistol\u00ed jste zv\u00e1ni.<\/p>\n<p style=\"text-align: left;\">Dne 9.5.2015 prob\u011bhl Krajsk\u00fd p\u0159ebor 2015 J\u010d. kraje ve st\u0159elb\u011b ze vzduchov\u00fdch zbran\u00ed. V\u00fdsledky p\u0159eboru jsou<a title=\"Krajsk\u00fd p\u0159ebor 2015 v\u00fdsledky\" href=\"http:\/\/www.sskborek.cz\/?page_id=2218\"> zde <\/a>a foto z vyhl\u00e1\u0161en\u00ed v\u00fdsledk\u016f <a title=\"Krajsk\u00fd p\u0159ebor 2015 \u2013 foto\" href=\"http:\/\/www.sskborek.cz\/?page_id=2197\">tady<\/a>. P\u0159eborn\u00edkem kraje se stali \u010dlenov\u00e9 na\u0161eho klubu, p\u00e1nov\u00e9 Franti\u0161ek Kube\u0161 (nejstar\u0161\u00ed \u010dlen ze startuj\u00edc\u00edch)\u00a0&#8211; sportovn\u00ed pistole\u00a0a Ji\u0159\u00ed B\u00e1rta &#8211; \u00a0\u00a0libovoln\u00e1 pistole. Ob\u011bma pat\u0159\u00ed velk\u00e1 gratulace a uzn\u00e1n\u00ed.<\/p>\n<p style=\"text-align: left;\">8.5.2015 se konal st\u0159eleck\u00fd den Tepl\u00e1rna \u010cesk\u00e9 Bud\u011bjovice. Pracovn\u00edci t\u00e9to spole\u010dnosti si vyzkou\u0161eli st\u0159elbu z vzduchov\u00fdch, malor\u00e1\u017eov\u00fdch a velkor\u00e1\u017eov\u00fdch zbran\u00ed, v\u010detn\u011b sportovn\u00ed velkor\u00e1\u017eov\u00e9 pu\u0161ky postaven\u00e9 na z\u00e1kladu SA 58. Podle vyj\u00e1d\u0159en\u00ed \u00fa\u010dastn\u00edk\u016f se akce povedla.\u00a0N\u011bkolik fotografi\u00ed \u00a0<a title=\"Tepl\u00e1rna 2015 \u2013 foto\" href=\"http:\/\/www.sskborek.cz\/?page_id=2223\">zde<\/a>.<\/p>\n<p style=\"text-align: left;\">V sobotu 9.5.2015 se kon\u00e1 Krajsk\u00fd p\u0159ebor J\u010d kraje\u00a0ve st\u0159elb\u011b z malor\u00e1\u017eov\u00fdch zbran\u00ed. V\u0161ichni z\u00e1jemci o tuto st\u0159elbu jste zv\u00e1ni.<\/p>\n<p style=\"text-align: left;\">V p\u00e1tek 8.5.2015 se kon\u00e1 st\u0159eleck\u00fd den Tepl\u00e1rna \u010cesk\u00e9 Bud\u011bjovice. Jedn\u00e1 se o zaj\u00edmavou akci pro zam\u011bstnance t\u00e9to spole\u010dnosti.<\/p>\n<p style=\"text-align: left;\">Z\u00e1vodu \u00a0Zimn\u00ed cena \u0160umavy 2015 se z\u00fa\u010dastnilo 29 st\u0159elc\u016f. Z\u00e1vod prob\u011bhl v klidn\u00e9 atmosf\u00e9\u0159e a byly p\u0159i n\u011bm dosa\u017eeny v\u00fdborn\u00e9 v\u00fdsledky. V\u0161em, kte\u0159\u00ed se na z\u00e1vod\u011b pod\u00edleli v jak\u00e9koliv pozici, d\u011bkuji \u00a0a t\u011b\u0161\u00edm se na dal\u0161\u00ed z\u00e1vody. V\u00fdsledky si m\u016f\u017eete prohl\u00e9dnout na tomto <a title=\"Zimn\u00ed cena \u0160umavy 2015 v\u00fdsledky.\" href=\"http:\/\/www.sskborek.cz\/?page_id=2160\">odkazu<\/a>. A foto <a title=\"Zimn\u00ed cena \u0160umavy 2015 foto\" href=\"http:\/\/www.sskborek.cz\/?page_id=2166\">zde<\/a>.<\/p>\n<p style=\"text-align: left;\">V sobotu 21.2.2015 se kon\u00e1 z\u00e1vod 34. ro\u010dn\u00edk Zimn\u00ed cena \u0160umavy, ve st\u0159elb\u011b ze vzduchov\u00fdch zbran\u00ed. Propozice jsou <a title=\"Zimn\u00ed cena \u0160umavy 2015\" href=\"http:\/\/www.sskborek.cz\/?page_id=2154\">zde<\/a>. V\u0161ichni jste zv\u00e1ni.<\/p>\n<p style=\"text-align: left;\">Dnes, 14.2.2015 se na na\u0161\u00ed st\u0159elnic st\u0159\u00edlel pu\u0161kov\u00fd z\u00e1vod 1 kolo Jiho\u010desk\u00e9ho poh\u00e1ru ve st\u0159elb\u011b velkor\u00e1\u017eovou pu\u0161kou. V\u0161e bylo v\u00fdborn\u00e9: \u00a0\u00fa\u010dast, v\u00fdsledky, po\u010das\u00ed i ob\u010derstven\u00ed. V\u0161em d\u011bkuji a t\u011b\u0161\u00edme se na dal\u0161\u00ed podobn\u00e9 z\u00e1vody. V\u00fdsledky z\u00e1vodu najdete <a title=\"Jiho\u010desk\u00fd poh\u00e1r 2015 1 kolo \u2013 Borek\" href=\"http:\/\/www.sskborek.cz\/?page_id=2128\">zde<\/a>.\u00a0A n\u011bkolik foto je <a title=\"Jiho\u010desk\u00fd poh\u00e1r 2015 foto\" href=\"http:\/\/www.sskborek.cz\/?page_id=2135\">tady<\/a>. Dal\u0161\u00ed kolo poh\u00e1ru bude v T\u00fdn\u011b nad Vltavou.<\/p>\n<p style=\"text-align: left;\">V sobotu 14.2.2015 od 9,00 hod se kon\u00e1 na st\u0159elnici Borek 1. kolo Jiho\u010desk\u00e9ho poh\u00e1ru. Propozice z\u00e1vodu jsou <a title=\"Jiho\u010desk\u00fd poh\u00e1r 1. kolo\" href=\"http:\/\/www.sskborek.cz\/?page_id=2114\">zde<\/a>. V\u0161ichni jste zv\u00e1ni.<\/p>\n<p style=\"text-align: left;\">Dnes, 24.1.2015 se konal 3. ro\u010dn\u00edk z\u00e1vodu Boreck\u00e1 pu\u0161ka. V\u00fdsledky jsou na<a title=\"Boreck\u00e1 pu\u0161ka 2015 v\u00fdsledky\" href=\"http:\/\/www.sskborek.cz\/?page_id=2092\"> zde<\/a>\u00a0a foto <a title=\"Boreck\u00e1 pu\u0161ka 2015 foto\" href=\"http:\/\/www.sskborek.cz\/?page_id=2098\">zde<\/a>.<\/p>\n<p style=\"text-align: left;\">24.1.2015 po\u0159\u00e1d\u00e1 n\u00e1\u0161 klub 3. ro\u010dn\u00edk Boreck\u00e9 pu\u0161ky. Propozice jsou <a title=\"3.ro\u010dn\u00edk Boreck\u00e1 pu\u0161ka 2015\" href=\"http:\/\/www.sskborek.cz\/?page_id=2083\">zde<\/a>. V\u0161ichni st\u0159elci jsou v\u00edt\u00e1ni.<\/p>\n<p style=\"text-align: left;\">V\u0161em sportovn\u00edm st\u0159elc\u016fm p\u0159ejeme v roce 2015 zdrav\u00ed, \u0161t\u011bst\u00ed, spokojenost a na v\u0161ech\u00a0 z\u00e1vodech roku 2015 p\u0159esnou mu\u0161ku. 01.01.2015 se od 13,00 hod konalo na boreck\u00e9 st\u0159elnici zah\u00e1jen\u00ed st\u0159eleck\u00e9ho roku \u00a0&#8222;novoro\u010dn\u00ed r\u00e1nou&#8220;. Vyst\u0159elili jsme si pro radost, ale v\u00fdsledky spo\u010d\u00edtali. Foto je <a title=\"Novoro\u010dn\u00ed st\u0159\u00edlen\u00ed \u2013 foto\" href=\"http:\/\/www.sskborek.cz\/?page_id=2072\">zde<\/a> a v\u00fdsledky <a title=\"Novoro\u010dn\u00ed st\u0159\u00edlen\u00ed 01.01.2015 v\u00fdsledky\" href=\"http:\/\/www.sskborek.cz\/?page_id=2069\">tam<\/a>.\u00a0Pu\u0161ka\u0159i si st\u0159\u00edleli opravdu jenom pro radost. Tak a\u0165 se v\u0161em lidem dobr\u00e9 v\u016fle po cel\u00fd rok v\u0161echno da\u0159\u00ed.<\/p>\n<p style=\"text-align: left;\"><a href=\"http:\/\/www.sskborek.cz\/wp-content\/uploads\/IMG_8777.jpg\"><img decoding=\"async\" loading=\"lazy\" class=\"aligncenter size-large wp-image-2074\" src=\"http:\/\/www.sskborek.cz\/wp-content\/uploads\/IMG_8777-1024x682.jpg\" alt=\"IMG_8777\" width=\"640\" height=\"426\" srcset=\"https:\/\/www.sskborek.cz\/wp-content\/uploads\/IMG_8777-1024x682.jpg 1024w, https:\/\/www.sskborek.cz\/wp-content\/uploads\/IMG_8777-300x200.jpg 300w, https:\/\/www.sskborek.cz\/wp-content\/uploads\/IMG_8777.jpg 1772w\" sizes=\"(max-width: 640px) 100vw, 640px\" \/><\/a><\/p>\n<p style=\"text-align: left;\">V\u0161em sportovn\u00edm st\u0159elc\u016fm p\u0159ejeme v roce 2015 zdrav\u00ed, \u0161t\u011bst\u00ed, spokojenost a na v\u0161ech\u00a0 z\u00e1vodech roku 2015 p\u0159esnou mu\u0161ku. 01.01.2015 se od 13,00 hod konalo na boreck\u00e9 st\u0159elnici zah\u00e1jen\u00ed st\u0159eleck\u00e9ho roku \u00a0&#8222;novoro\u010dn\u00ed r\u00e1nou&#8220;. Vyst\u0159elili jsme si pro radost, ale v\u00fdsledky spo\u010d\u00edtali. Foto je <a title=\"Novoro\u010dn\u00ed st\u0159\u00edlen\u00ed \u2013 foto\" href=\"http:\/\/www.sskborek.cz\/?page_id=2072\">zde<\/a> a v\u00fdsledky <a title=\"Novoro\u010dn\u00ed st\u0159\u00edlen\u00ed 01.01.2015 v\u00fdsledky\" href=\"http:\/\/www.sskborek.cz\/?page_id=2069\">tam<\/a>.\u00a0Pu\u0161ka\u0159i si st\u0159\u00edleli opravdu jenom pro radost. Tak a\u0165 se v\u0161em lidem dobr\u00e9 v\u016fle po cel\u00fd rok v\u0161echno da\u0159\u00ed.<\/p>\n","protected":false},"excerpt":{"rendered":"<p>Dnes v sobotu 11.9.2021 se konalo 5. kolo Boreck\u00e9ho poh\u00e1ru 2021. Zde jsou v\u00fdsledky kola a tak\u00e9 celkov\u00e9 v\u00fdsledky. V\u0161em st\u0159elc\u016fm a organiz\u00e1tor\u016f Boreck\u00e9ho poh\u00e1ru moc d\u011bkuji a t\u011b\u0161\u00edm se na Boreck\u00fd poh\u00e1r 2022. Boreck\u00fd poh\u00e1r se dostal do sv\u00e9ho &hellip; <a href=\"https:\/\/www.sskborek.cz\/?page_id=2077\">Cel\u00fd p\u0159\u00edsp\u011bvek <span class=\"meta-nav\">&rarr;<\/span><\/a><\/p>\n","protected":false},"author":1,"featured_media":0,"parent":0,"menu_order":5,"comment_status":"closed","ping_status":"closed","template":"","meta":[],"_links":{"self":[{"href":"https:\/\/www.sskborek.cz\/index.php?rest_route=\/wp\/v2\/pages\/2077"}],"collection":[{"href":"https:\/\/www.sskborek.cz\/index.php?rest_route=\/wp\/v2\/pages"}],"about":[{"href":"https:\/\/www.sskborek.cz\/index.php?rest_route=\/wp\/v2\/types\/page"}],"author":[{"embeddable":true,"href":"https:\/\/www.sskborek.cz\/index.php?rest_route=\/wp\/v2\/users\/1"}],"replies":[{"embeddable":true,"href":"https:\/\/www.sskborek.cz\/index.php?rest_route=%2Fwp%2Fv2%2Fcomments&post=2077"}],"version-history":[{"count":12,"href":"https:\/\/www.sskborek.cz\/index.php?rest_route=\/wp\/v2\/pages\/2077\/revisions"}],"predecessor-version":[{"id":3633,"href":"https:\/\/www.sskborek.cz\/index.php?rest_route=\/wp\/v2\/pages\/2077\/revisions\/3633"}],"wp:attachment":[{"href":"https:\/\/www.sskborek.cz\/index.php?rest_route=%2Fwp%2Fv2%2Fmedia&parent=2077"}],"curies":[{"name":"wp","href":"https:\/\/api.w.org\/{rel}","templated":true}]}}