{"id":2072,"date":"2015-01-02T07:36:31","date_gmt":"2015-01-02T06:36:31","guid":{"rendered":"http:\/\/www.sskborek.cz\/?page_id=2072"},"modified":"2015-01-02T07:36:31","modified_gmt":"2015-01-02T06:36:31","slug":"novorocni-strileni-foto","status":"publish","type":"page","link":"https:\/\/www.sskborek.cz\/?page_id=2072","title":{"rendered":"Novoro\u010dn\u00ed st\u0159\u00edlen\u00ed &#8211; foto"},"content":{"rendered":"<p><a href=\"http:\/\/www.sskborek.cz\/wp-content\/uploads\/20150101terchluboka.jpg\"><img decoding=\"async\" loading=\"lazy\" class=\"aligncenter size-large wp-image-2073\" src=\"http:\/\/www.sskborek.cz\/wp-content\/uploads\/20150101terchluboka-1024x724.jpg\" alt=\"20150101terchluboka\" width=\"640\" height=\"453\" srcset=\"https:\/\/www.sskborek.cz\/wp-content\/uploads\/20150101terchluboka-1024x724.jpg 1024w, https:\/\/www.sskborek.cz\/wp-content\/uploads\/20150101terchluboka-300x212.jpg 300w\" sizes=\"(max-width: 640px) 100vw, 640px\" \/><\/a><a href=\"http:\/\/www.sskborek.cz\/wp-content\/uploads\/IMG_8777.jpg\"><img decoding=\"async\" loading=\"lazy\" class=\"aligncenter size-large wp-image-2074\" src=\"http:\/\/www.sskborek.cz\/wp-content\/uploads\/IMG_8777-1024x682.jpg\" alt=\"IMG_8777\" width=\"640\" height=\"426\" srcset=\"https:\/\/www.sskborek.cz\/wp-content\/uploads\/IMG_8777-1024x682.jpg 1024w, https:\/\/www.sskborek.cz\/wp-content\/uploads\/IMG_8777-300x200.jpg 300w, https:\/\/www.sskborek.cz\/wp-content\/uploads\/IMG_8777.jpg 1772w\" sizes=\"(max-width: 640px) 100vw, 640px\" \/><\/a><\/p>\n","protected":false},"excerpt":{"rendered":"","protected":false},"author":1,"featured_media":0,"parent":71,"menu_order":0,"comment_status":"closed","ping_status":"open","template":"","meta":[],"_links":{"self":[{"href":"https:\/\/www.sskborek.cz\/index.php?rest_route=\/wp\/v2\/pages\/2072"}],"collection":[{"href":"https:\/\/www.sskborek.cz\/index.php?rest_route=\/wp\/v2\/pages"}],"about":[{"href":"https:\/\/www.sskborek.cz\/index.php?rest_route=\/wp\/v2\/types\/page"}],"author":[{"embeddable":true,"href":"https:\/\/www.sskborek.cz\/index.php?rest_route=\/wp\/v2\/users\/1"}],"replies":[{"embeddable":true,"href":"https:\/\/www.sskborek.cz\/index.php?rest_route=%2Fwp%2Fv2%2Fcomments&post=2072"}],"version-history":[{"count":1,"href":"https:\/\/www.sskborek.cz\/index.php?rest_route=\/wp\/v2\/pages\/2072\/revisions"}],"predecessor-version":[{"id":2075,"href":"https:\/\/www.sskborek.cz\/index.php?rest_route=\/wp\/v2\/pages\/2072\/revisions\/2075"}],"up":[{"embeddable":true,"href":"https:\/\/www.sskborek.cz\/index.php?rest_route=\/wp\/v2\/pages\/71"}],"wp:attachment":[{"href":"https:\/\/www.sskborek.cz\/index.php?rest_route=%2Fwp%2Fv2%2Fmedia&parent=2072"}],"curies":[{"name":"wp","href":"https:\/\/api.w.org\/{rel}","templated":true}]}}