{"id":1625,"date":"2014-03-11T20:16:17","date_gmt":"2014-03-11T19:16:17","guid":{"rendered":"http:\/\/www.sskborek.cz\/?page_id=1625"},"modified":"2014-03-11T20:24:38","modified_gmt":"2014-03-11T19:24:38","slug":"zemni-upravy-na-strelnici-brezen-2014","status":"publish","type":"page","link":"https:\/\/www.sskborek.cz\/?page_id=1625","title":{"rendered":"Zemn\u00ed \u00fapravy na st\u0159elnici b\u0159ezen 2014"},"content":{"rendered":"<p>\u00a0<\/p>\n<p><a href=\"http:\/\/www.sskborek.cz\/wp-content\/uploads\/11.jpg\"><img decoding=\"async\" loading=\"lazy\" class=\"aligncenter size-medium wp-image-1629\" title=\"1\" src=\"http:\/\/www.sskborek.cz\/wp-content\/uploads\/11-300x225.jpg\" alt=\"\" width=\"300\" height=\"225\" srcset=\"https:\/\/www.sskborek.cz\/wp-content\/uploads\/11-300x225.jpg 300w, https:\/\/www.sskborek.cz\/wp-content\/uploads\/11-1024x768.jpg 1024w, https:\/\/www.sskborek.cz\/wp-content\/uploads\/11.jpg 1476w\" sizes=\"(max-width: 300px) 100vw, 300px\" \/><\/a><a href=\"http:\/\/www.sskborek.cz\/wp-content\/uploads\/21.jpg\"><img decoding=\"async\" loading=\"lazy\" class=\"aligncenter size-medium wp-image-1630\" title=\"2\" src=\"http:\/\/www.sskborek.cz\/wp-content\/uploads\/21-300x225.jpg\" alt=\"\" width=\"300\" height=\"225\" srcset=\"https:\/\/www.sskborek.cz\/wp-content\/uploads\/21-300x225.jpg 300w, https:\/\/www.sskborek.cz\/wp-content\/uploads\/21-1024x768.jpg 1024w, https:\/\/www.sskborek.cz\/wp-content\/uploads\/21.jpg 1476w\" sizes=\"(max-width: 300px) 100vw, 300px\" \/><\/a><a href=\"http:\/\/www.sskborek.cz\/wp-content\/uploads\/31.jpg\"><img decoding=\"async\" loading=\"lazy\" class=\"aligncenter size-medium wp-image-1631\" title=\"3\" src=\"http:\/\/www.sskborek.cz\/wp-content\/uploads\/31-300x225.jpg\" alt=\"\" width=\"300\" height=\"225\" srcset=\"https:\/\/www.sskborek.cz\/wp-content\/uploads\/31-300x225.jpg 300w, https:\/\/www.sskborek.cz\/wp-content\/uploads\/31-1024x768.jpg 1024w, https:\/\/www.sskborek.cz\/wp-content\/uploads\/31.jpg 1476w\" sizes=\"(max-width: 300px) 100vw, 300px\" \/><\/a><a href=\"http:\/\/www.sskborek.cz\/wp-content\/uploads\/4.jpg\"><img decoding=\"async\" loading=\"lazy\" class=\"aligncenter size-medium wp-image-1632\" title=\"4\" src=\"http:\/\/www.sskborek.cz\/wp-content\/uploads\/4-300x225.jpg\" alt=\"\" width=\"300\" height=\"225\" srcset=\"https:\/\/www.sskborek.cz\/wp-content\/uploads\/4-300x225.jpg 300w, https:\/\/www.sskborek.cz\/wp-content\/uploads\/4-1024x768.jpg 1024w, https:\/\/www.sskborek.cz\/wp-content\/uploads\/4.jpg 1476w\" sizes=\"(max-width: 300px) 100vw, 300px\" \/><\/a><a href=\"http:\/\/www.sskborek.cz\/wp-content\/uploads\/5.jpg\"><img decoding=\"async\" loading=\"lazy\" class=\"aligncenter size-medium wp-image-1633\" title=\"5\" src=\"http:\/\/www.sskborek.cz\/wp-content\/uploads\/5-300x225.jpg\" alt=\"\" width=\"300\" height=\"225\" srcset=\"https:\/\/www.sskborek.cz\/wp-content\/uploads\/5-300x225.jpg 300w, https:\/\/www.sskborek.cz\/wp-content\/uploads\/5-1024x768.jpg 1024w, https:\/\/www.sskborek.cz\/wp-content\/uploads\/5.jpg 1476w\" sizes=\"(max-width: 300px) 100vw, 300px\" \/><\/a><a href=\"http:\/\/www.sskborek.cz\/wp-content\/uploads\/6.jpg\"><img decoding=\"async\" loading=\"lazy\" class=\"aligncenter size-medium wp-image-1634\" title=\"6\" src=\"http:\/\/www.sskborek.cz\/wp-content\/uploads\/6-300x225.jpg\" alt=\"\" width=\"300\" height=\"225\" srcset=\"https:\/\/www.sskborek.cz\/wp-content\/uploads\/6-300x225.jpg 300w, https:\/\/www.sskborek.cz\/wp-content\/uploads\/6-1024x768.jpg 1024w, https:\/\/www.sskborek.cz\/wp-content\/uploads\/6.jpg 1476w\" sizes=\"(max-width: 300px) 100vw, 300px\" \/><\/a><a href=\"http:\/\/www.sskborek.cz\/wp-content\/uploads\/7.jpg\"><img decoding=\"async\" loading=\"lazy\" class=\"aligncenter size-medium wp-image-1636\" title=\"7\" src=\"http:\/\/www.sskborek.cz\/wp-content\/uploads\/7-300x200.jpg\" alt=\"\" width=\"300\" height=\"200\" srcset=\"https:\/\/www.sskborek.cz\/wp-content\/uploads\/7-300x200.jpg 300w, https:\/\/www.sskborek.cz\/wp-content\/uploads\/7-1024x682.jpg 1024w, https:\/\/www.sskborek.cz\/wp-content\/uploads\/7.jpg 1476w\" sizes=\"(max-width: 300px) 100vw, 300px\" \/><\/a><a href=\"http:\/\/www.sskborek.cz\/wp-content\/uploads\/9.jpg\"><img decoding=\"async\" loading=\"lazy\" class=\"aligncenter size-medium wp-image-1638\" title=\"9\" src=\"http:\/\/www.sskborek.cz\/wp-content\/uploads\/9-300x200.jpg\" alt=\"\" width=\"300\" height=\"200\" srcset=\"https:\/\/www.sskborek.cz\/wp-content\/uploads\/9-300x200.jpg 300w, https:\/\/www.sskborek.cz\/wp-content\/uploads\/9-1024x682.jpg 1024w, https:\/\/www.sskborek.cz\/wp-content\/uploads\/9.jpg 1476w\" sizes=\"(max-width: 300px) 100vw, 300px\" \/><\/a><a href=\"http:\/\/www.sskborek.cz\/wp-content\/uploads\/101.jpg\"><img decoding=\"async\" loading=\"lazy\" class=\"aligncenter size-medium wp-image-1640\" title=\"10\" src=\"http:\/\/www.sskborek.cz\/wp-content\/uploads\/101-300x200.jpg\" alt=\"\" width=\"300\" height=\"200\" srcset=\"https:\/\/www.sskborek.cz\/wp-content\/uploads\/101-300x200.jpg 300w, https:\/\/www.sskborek.cz\/wp-content\/uploads\/101-1024x682.jpg 1024w, https:\/\/www.sskborek.cz\/wp-content\/uploads\/101.jpg 1476w\" sizes=\"(max-width: 300px) 100vw, 300px\" \/><\/a><a href=\"http:\/\/www.sskborek.cz\/wp-content\/uploads\/111.jpg\"><img decoding=\"async\" loading=\"lazy\" class=\"aligncenter size-medium wp-image-1641\" title=\"11\" src=\"http:\/\/www.sskborek.cz\/wp-content\/uploads\/111-300x200.jpg\" alt=\"\" width=\"300\" height=\"200\" srcset=\"https:\/\/www.sskborek.cz\/wp-content\/uploads\/111-300x200.jpg 300w, https:\/\/www.sskborek.cz\/wp-content\/uploads\/111-1024x682.jpg 1024w, https:\/\/www.sskborek.cz\/wp-content\/uploads\/111.jpg 1476w\" sizes=\"(max-width: 300px) 100vw, 300px\" \/><\/a><a href=\"http:\/\/www.sskborek.cz\/wp-content\/uploads\/12.jpg\"><img decoding=\"async\" loading=\"lazy\" class=\"aligncenter size-medium wp-image-1642\" title=\"12\" src=\"http:\/\/www.sskborek.cz\/wp-content\/uploads\/12-300x200.jpg\" alt=\"\" width=\"300\" height=\"200\" srcset=\"https:\/\/www.sskborek.cz\/wp-content\/uploads\/12-300x200.jpg 300w, https:\/\/www.sskborek.cz\/wp-content\/uploads\/12-1024x682.jpg 1024w, https:\/\/www.sskborek.cz\/wp-content\/uploads\/12.jpg 1476w\" sizes=\"(max-width: 300px) 100vw, 300px\" \/><\/a><a href=\"http:\/\/www.sskborek.cz\/wp-content\/uploads\/13.jpg\"><img decoding=\"async\" loading=\"lazy\" class=\"aligncenter size-medium wp-image-1643\" title=\"13\" src=\"http:\/\/www.sskborek.cz\/wp-content\/uploads\/13-300x200.jpg\" alt=\"\" width=\"300\" height=\"200\" srcset=\"https:\/\/www.sskborek.cz\/wp-content\/uploads\/13-300x200.jpg 300w, https:\/\/www.sskborek.cz\/wp-content\/uploads\/13-1024x682.jpg 1024w, https:\/\/www.sskborek.cz\/wp-content\/uploads\/13.jpg 1476w\" sizes=\"(max-width: 300px) 100vw, 300px\" \/><\/a><a href=\"http:\/\/www.sskborek.cz\/wp-content\/uploads\/14.jpg\"><img decoding=\"async\" loading=\"lazy\" class=\"aligncenter size-medium wp-image-1644\" title=\"14\" src=\"http:\/\/www.sskborek.cz\/wp-content\/uploads\/14-300x200.jpg\" alt=\"\" width=\"300\" height=\"200\" srcset=\"https:\/\/www.sskborek.cz\/wp-content\/uploads\/14-300x200.jpg 300w, https:\/\/www.sskborek.cz\/wp-content\/uploads\/14-1024x682.jpg 1024w, https:\/\/www.sskborek.cz\/wp-content\/uploads\/14.jpg 1476w\" sizes=\"(max-width: 300px) 100vw, 300px\" \/><\/a><a href=\"http:\/\/www.sskborek.cz\/wp-content\/uploads\/15.jpg\"><img decoding=\"async\" loading=\"lazy\" class=\"aligncenter size-medium wp-image-1645\" title=\"15\" src=\"http:\/\/www.sskborek.cz\/wp-content\/uploads\/15-300x200.jpg\" alt=\"\" width=\"300\" height=\"200\" srcset=\"https:\/\/www.sskborek.cz\/wp-content\/uploads\/15-300x200.jpg 300w, https:\/\/www.sskborek.cz\/wp-content\/uploads\/15-1024x682.jpg 1024w, https:\/\/www.sskborek.cz\/wp-content\/uploads\/15.jpg 1476w\" sizes=\"(max-width: 300px) 100vw, 300px\" \/><\/a><a href=\"http:\/\/www.sskborek.cz\/wp-content\/uploads\/1.jpg\"><\/a><\/p>\n","protected":false},"excerpt":{"rendered":"<p>\u00a0<\/p>\n","protected":false},"author":1,"featured_media":0,"parent":71,"menu_order":0,"comment_status":"closed","ping_status":"open","template":"","meta":[],"_links":{"self":[{"href":"https:\/\/www.sskborek.cz\/index.php?rest_route=\/wp\/v2\/pages\/1625"}],"collection":[{"href":"https:\/\/www.sskborek.cz\/index.php?rest_route=\/wp\/v2\/pages"}],"about":[{"href":"https:\/\/www.sskborek.cz\/index.php?rest_route=\/wp\/v2\/types\/page"}],"author":[{"embeddable":true,"href":"https:\/\/www.sskborek.cz\/index.php?rest_route=\/wp\/v2\/users\/1"}],"replies":[{"embeddable":true,"href":"https:\/\/www.sskborek.cz\/index.php?rest_route=%2Fwp%2Fv2%2Fcomments&post=1625"}],"version-history":[{"count":4,"href":"https:\/\/www.sskborek.cz\/index.php?rest_route=\/wp\/v2\/pages\/1625\/revisions"}],"predecessor-version":[{"id":1652,"href":"https:\/\/www.sskborek.cz\/index.php?rest_route=\/wp\/v2\/pages\/1625\/revisions\/1652"}],"up":[{"embeddable":true,"href":"https:\/\/www.sskborek.cz\/index.php?rest_route=\/wp\/v2\/pages\/71"}],"wp:attachment":[{"href":"https:\/\/www.sskborek.cz\/index.php?rest_route=%2Fwp%2Fv2%2Fmedia&parent=1625"}],"curies":[{"name":"wp","href":"https:\/\/api.w.org\/{rel}","templated":true}]}}