{"id":1481,"date":"2014-01-22T19:34:49","date_gmt":"2014-01-22T18:34:49","guid":{"rendered":"http:\/\/www.sskborek.cz\/?page_id=1481"},"modified":"2014-01-22T20:23:20","modified_gmt":"2014-01-22T19:23:20","slug":"letecky-snimek-strelnice","status":"publish","type":"page","link":"https:\/\/www.sskborek.cz\/?page_id=1481","title":{"rendered":"Leteck\u00fd sn\u00edmek st\u0159elnice"},"content":{"rendered":"<p style=\"text-align: center;\"><a href=\"http:\/\/www.sskborek.cz\/wp-content\/uploads\/strelnice-Borek-letecky-snimek.jpg\"><img decoding=\"async\" loading=\"lazy\" class=\"aligncenter size-medium wp-image-1482\" title=\"strelnice Borek-letecky snimek\" src=\"http:\/\/www.sskborek.cz\/wp-content\/uploads\/strelnice-Borek-letecky-snimek-300x255.jpg\" alt=\"\" width=\"300\" height=\"255\" srcset=\"https:\/\/www.sskborek.cz\/wp-content\/uploads\/strelnice-Borek-letecky-snimek-300x255.jpg 300w, https:\/\/www.sskborek.cz\/wp-content\/uploads\/strelnice-Borek-letecky-snimek.jpg 480w\" sizes=\"(max-width: 300px) 100vw, 300px\" \/><\/a> z archivu Ladislava Lutovsk\u00e9ho.<\/p>\n","protected":false},"excerpt":{"rendered":"<p>z archivu Ladislava Lutovsk\u00e9ho.<\/p>\n","protected":false},"author":1,"featured_media":0,"parent":24,"menu_order":0,"comment_status":"closed","ping_status":"open","template":"","meta":[],"_links":{"self":[{"href":"https:\/\/www.sskborek.cz\/index.php?rest_route=\/wp\/v2\/pages\/1481"}],"collection":[{"href":"https:\/\/www.sskborek.cz\/index.php?rest_route=\/wp\/v2\/pages"}],"about":[{"href":"https:\/\/www.sskborek.cz\/index.php?rest_route=\/wp\/v2\/types\/page"}],"author":[{"embeddable":true,"href":"https:\/\/www.sskborek.cz\/index.php?rest_route=\/wp\/v2\/users\/1"}],"replies":[{"embeddable":true,"href":"https:\/\/www.sskborek.cz\/index.php?rest_route=%2Fwp%2Fv2%2Fcomments&post=1481"}],"version-history":[{"count":7,"href":"https:\/\/www.sskborek.cz\/index.php?rest_route=\/wp\/v2\/pages\/1481\/revisions"}],"predecessor-version":[{"id":1490,"href":"https:\/\/www.sskborek.cz\/index.php?rest_route=\/wp\/v2\/pages\/1481\/revisions\/1490"}],"up":[{"embeddable":true,"href":"https:\/\/www.sskborek.cz\/index.php?rest_route=\/wp\/v2\/pages\/24"}],"wp:attachment":[{"href":"https:\/\/www.sskborek.cz\/index.php?rest_route=%2Fwp%2Fv2%2Fmedia&parent=1481"}],"curies":[{"name":"wp","href":"https:\/\/api.w.org\/{rel}","templated":true}]}}