{"id":1432,"date":"2014-01-15T13:44:41","date_gmt":"2014-01-15T12:44:41","guid":{"rendered":"http:\/\/www.sskborek.cz\/?page_id=1432"},"modified":"2021-03-14T21:59:21","modified_gmt":"2021-03-14T20:59:21","slug":"archiv","status":"publish","type":"page","link":"https:\/\/www.sskborek.cz\/?page_id=1432","title":{"rendered":"Archiv z\u00e1vod\u016f"},"content":{"rendered":"\n<p>V t\u00e9to sekci najdete v\u011bt\u0161inu d\u0159\u00edv\u011bj\u0161\u00edch z\u00e1vod\u016f.<\/p>\n","protected":false},"excerpt":{"rendered":"<p>V t\u00e9to sekci najdete v\u011bt\u0161inu d\u0159\u00edv\u011bj\u0161\u00edch z\u00e1vod\u016f.<\/p>\n","protected":false},"author":1,"featured_media":0,"parent":0,"menu_order":5,"comment_status":"closed","ping_status":"closed","template":"","meta":[],"_links":{"self":[{"href":"https:\/\/www.sskborek.cz\/index.php?rest_route=\/wp\/v2\/pages\/1432"}],"collection":[{"href":"https:\/\/www.sskborek.cz\/index.php?rest_route=\/wp\/v2\/pages"}],"about":[{"href":"https:\/\/www.sskborek.cz\/index.php?rest_route=\/wp\/v2\/types\/page"}],"author":[{"embeddable":true,"href":"https:\/\/www.sskborek.cz\/index.php?rest_route=\/wp\/v2\/users\/1"}],"replies":[{"embeddable":true,"href":"https:\/\/www.sskborek.cz\/index.php?rest_route=%2Fwp%2Fv2%2Fcomments&post=1432"}],"version-history":[{"count":5,"href":"https:\/\/www.sskborek.cz\/index.php?rest_route=\/wp\/v2\/pages\/1432\/revisions"}],"predecessor-version":[{"id":3268,"href":"https:\/\/www.sskborek.cz\/index.php?rest_route=\/wp\/v2\/pages\/1432\/revisions\/3268"}],"wp:attachment":[{"href":"https:\/\/www.sskborek.cz\/index.php?rest_route=%2Fwp%2Fv2%2Fmedia&parent=1432"}],"curies":[{"name":"wp","href":"https:\/\/api.w.org\/{rel}","templated":true}]}}