{"id":1401,"date":"2013-12-30T16:49:38","date_gmt":"2013-12-30T15:49:38","guid":{"rendered":"http:\/\/www.sskborek.cz\/?page_id=1401"},"modified":"2014-03-24T18:40:47","modified_gmt":"2014-03-24T17:40:47","slug":"plan-strelnice-borek","status":"publish","type":"page","link":"https:\/\/www.sskborek.cz\/?page_id=1401","title":{"rendered":"Pl\u00e1n st\u0159elnice Borek"},"content":{"rendered":"<p><a href=\"http:\/\/www.sskborek.cz\/wp-content\/uploads\/planstrelnice2013.jpg\"><img decoding=\"async\" class=\"aligncenter size-full wp-image-1656\" title=\"planstrelnice2013\" src=\"http:\/\/www.sskborek.cz\/wp-content\/uploads\/planstrelnice2013.jpg\" alt=\"\" \/><\/a><\/p>\n<p>V pl\u00e1nu st\u0159elnice jsou barevn\u011b vyzna\u010deny pozemky ve vlastnictv\u00ed SSK Borek.\u00a0Oran\u017eov\u00e1 barva ozna\u010duje\u00a0budovu st\u0159elnice, st\u0159eli\u0161t\u011b 25 m\u00a0a\u00a0st\u0159eli\u0161t\u011b 50 m.\u00a0R\u016f\u017eov\u00e1 barva\u00a0ozna\u010duje dal\u0161\u00ed pozemky, na kter\u00fdch je p\u0159\u00edstupov\u00e1 cesta, parkovi\u0161t\u011b, brokov\u00e1 st\u0159elnice a dal\u0161\u00ed.<\/p>\n<p>&nbsp;<\/p>\n<p>&nbsp;<\/p>\n<p>&nbsp;<\/p>\n","protected":false},"excerpt":{"rendered":"<p>V pl\u00e1nu st\u0159elnice jsou barevn\u011b vyzna\u010deny pozemky ve vlastnictv\u00ed SSK Borek.\u00a0Oran\u017eov\u00e1 barva ozna\u010duje\u00a0budovu st\u0159elnice, st\u0159eli\u0161t\u011b 25 m\u00a0a\u00a0st\u0159eli\u0161t\u011b 50 m.\u00a0R\u016f\u017eov\u00e1 barva\u00a0ozna\u010duje dal\u0161\u00ed pozemky, na kter\u00fdch je p\u0159\u00edstupov\u00e1 cesta, parkovi\u0161t\u011b, brokov\u00e1 st\u0159elnice a dal\u0161\u00ed. &nbsp; &nbsp; &nbsp;<\/p>\n","protected":false},"author":1,"featured_media":0,"parent":24,"menu_order":1,"comment_status":"closed","ping_status":"open","template":"","meta":[],"_links":{"self":[{"href":"https:\/\/www.sskborek.cz\/index.php?rest_route=\/wp\/v2\/pages\/1401"}],"collection":[{"href":"https:\/\/www.sskborek.cz\/index.php?rest_route=\/wp\/v2\/pages"}],"about":[{"href":"https:\/\/www.sskborek.cz\/index.php?rest_route=\/wp\/v2\/types\/page"}],"author":[{"embeddable":true,"href":"https:\/\/www.sskborek.cz\/index.php?rest_route=\/wp\/v2\/users\/1"}],"replies":[{"embeddable":true,"href":"https:\/\/www.sskborek.cz\/index.php?rest_route=%2Fwp%2Fv2%2Fcomments&post=1401"}],"version-history":[{"count":14,"href":"https:\/\/www.sskborek.cz\/index.php?rest_route=\/wp\/v2\/pages\/1401\/revisions"}],"predecessor-version":[{"id":1663,"href":"https:\/\/www.sskborek.cz\/index.php?rest_route=\/wp\/v2\/pages\/1401\/revisions\/1663"}],"up":[{"embeddable":true,"href":"https:\/\/www.sskborek.cz\/index.php?rest_route=\/wp\/v2\/pages\/24"}],"wp:attachment":[{"href":"https:\/\/www.sskborek.cz\/index.php?rest_route=%2Fwp%2Fv2%2Fmedia&parent=1401"}],"curies":[{"name":"wp","href":"https:\/\/api.w.org\/{rel}","templated":true}]}}