{"id":1396,"date":"2013-12-29T20:44:29","date_gmt":"2013-12-29T19:44:29","guid":{"rendered":"http:\/\/www.sskborek.cz\/?page_id=1396"},"modified":"2025-03-25T17:38:47","modified_gmt":"2025-03-25T15:38:47","slug":"klubove-dny-strelnice-borek","status":"publish","type":"page","link":"https:\/\/www.sskborek.cz\/?page_id=1396","title":{"rendered":"Klubov\u00e9 dny st\u0159elnice Borek"},"content":{"rendered":"<p><strong><span style=\"text-decoration: underline;\">Pro \u010dleny klubu jsou ur\u010deny n\u00e1sleduj\u00edc\u00ed klubov\u00e9 dny<\/span>.<\/strong><\/p>\n<p><strong><span style=\"text-decoration: underline;\">pond\u011bl\u00ed<\/span>:<\/strong>\u00a0 \u00a0do odvol\u00e1n\u00ed pond\u011blky mimo provoz<\/p>\n<p><strong><span style=\"text-decoration: underline;\">st\u0159eda:<\/span>\u00a0<\/strong>\u00a0\u00a0\u00a0 od 15,00 hod do 18,00 hod &#8211; p\u0159\u00edpadn\u011b podle viditelnosti<\/p>\n<p><strong><span style=\"text-decoration: underline;\">sobota:<\/span>\u00a0<\/strong> \u00a0 od 09,00 hod do 11,00 hod.<\/p>\n<p>d\u00e1le\u00a0 podle dohody se\u00a0 spr\u00e1vci.<\/p>\n","protected":false},"excerpt":{"rendered":"<p>Pro \u010dleny klubu jsou ur\u010deny n\u00e1sleduj\u00edc\u00ed klubov\u00e9 dny. pond\u011bl\u00ed:\u00a0 \u00a0do odvol\u00e1n\u00ed pond\u011blky mimo provoz st\u0159eda:\u00a0\u00a0\u00a0\u00a0 od 15,00 hod do 18,00 hod &#8211; p\u0159\u00edpadn\u011b podle viditelnosti sobota:\u00a0 \u00a0 od 09,00 hod do 11,00 hod. d\u00e1le\u00a0 podle dohody se\u00a0 spr\u00e1vci.<\/p>\n","protected":false},"author":1,"featured_media":0,"parent":0,"menu_order":0,"comment_status":"closed","ping_status":"open","template":"","meta":[],"_links":{"self":[{"href":"https:\/\/www.sskborek.cz\/index.php?rest_route=\/wp\/v2\/pages\/1396"}],"collection":[{"href":"https:\/\/www.sskborek.cz\/index.php?rest_route=\/wp\/v2\/pages"}],"about":[{"href":"https:\/\/www.sskborek.cz\/index.php?rest_route=\/wp\/v2\/types\/page"}],"author":[{"embeddable":true,"href":"https:\/\/www.sskborek.cz\/index.php?rest_route=\/wp\/v2\/users\/1"}],"replies":[{"embeddable":true,"href":"https:\/\/www.sskborek.cz\/index.php?rest_route=%2Fwp%2Fv2%2Fcomments&post=1396"}],"version-history":[{"count":5,"href":"https:\/\/www.sskborek.cz\/index.php?rest_route=\/wp\/v2\/pages\/1396\/revisions"}],"predecessor-version":[{"id":3881,"href":"https:\/\/www.sskborek.cz\/index.php?rest_route=\/wp\/v2\/pages\/1396\/revisions\/3881"}],"wp:attachment":[{"href":"https:\/\/www.sskborek.cz\/index.php?rest_route=%2Fwp%2Fv2%2Fmedia&parent=1396"}],"curies":[{"name":"wp","href":"https:\/\/api.w.org\/{rel}","templated":true}]}}